{"id":202,"date":"2018-10-23T08:32:35","date_gmt":"2018-10-23T08:32:35","guid":{"rendered":"https:\/\/futuriodemos.com\/default-demo\/?page_id=72"},"modified":"2025-12-19T10:21:00","modified_gmt":"2025-12-19T09:21:00","slug":"kontakt","status":"publish","type":"page","link":"https:\/\/stylemotions.com\/es\/kontakt\/","title":{"rendered":"Contacto"},"content":{"rendered":"\t\t<div data-elementor-type=\"wp-post\" data-elementor-id=\"202\" class=\"elementor elementor-202\">\n\t\t\t\t\t\t<section class=\"elementor-section elementor-top-section elementor-element elementor-element-41f4116 elementor-section-boxed elementor-section-height-default elementor-section-height-default\" data-id=\"41f4116\" data-element_type=\"section\" data-e-type=\"section\">\n\t\t\t\t\t\t<div class=\"elementor-container elementor-column-gap-default\">\n\t\t\t\t\t<div class=\"elementor-column elementor-col-100 elementor-top-column elementor-element elementor-element-1d93e18\" data-id=\"1d93e18\" data-element_type=\"column\" data-e-type=\"column\">\n\t\t\t<div class=\"elementor-widget-wrap elementor-element-populated\">\n\t\t\t\t\t\t<div class=\"elementor-element elementor-element-41fa3e5 elementor-widget elementor-widget-heading\" data-id=\"41fa3e5\" data-element_type=\"widget\" data-e-type=\"widget\" data-widget_type=\"heading.default\">\n\t\t\t\t<div class=\"elementor-widget-container\">\n\t\t\t\t\t<h2 class=\"elementor-heading-title elementor-size-default\">Como llegar<\/h2>\t\t\t\t<\/div>\n\t\t\t\t<\/div>\n\t\t\t\t\t<\/div>\n\t\t<\/div>\n\t\t\t\t\t<\/div>\n\t\t<\/section>\n\t\t\t\t<section class=\"elementor-section elementor-top-section elementor-element elementor-element-3d53e194 elementor-section-full_width elementor-section-height-default elementor-section-height-default\" data-id=\"3d53e194\" data-element_type=\"section\" data-e-type=\"section\">\n\t\t\t\t\t\t<div class=\"elementor-container elementor-column-gap-no\">\n\t\t\t\t\t<div class=\"elementor-column elementor-col-100 elementor-top-column elementor-element elementor-element-100d57f1\" data-id=\"100d57f1\" data-element_type=\"column\" data-e-type=\"column\">\n\t\t\t<div class=\"elementor-widget-wrap elementor-element-populated\">\n\t\t\t\t\t\t<div class=\"elementor-element elementor-element-f8ccf32 elementor-widget elementor-widget-image\" data-id=\"f8ccf32\" data-element_type=\"widget\" data-e-type=\"widget\" data-widget_type=\"image.default\">\n\t\t\t\t<div class=\"elementor-widget-container\">\n\t\t\t\t\t\t\t\t\t\t\t\t\t\t\t\t<a href=\"https:\/\/www.google.com\/maps\/place\/Carrer+del+Pou+d&#039;Avall,+4,+07570+Art%C3%A0,+Illes+Balears,+Spanien\/@39.693417,3.353469,18z\/data=!4m5!3m4!1s0x12963c1bd191088d:0x4c64e4c7d7497808!8m2!3d39.6934166!4d3.3534692?hl=de-DE\" target=\"_blank\">\n\t\t\t\t\t\t\t<img fetchpriority=\"high\" decoding=\"async\" width=\"1987\" height=\"589\" src=\"https:\/\/stylemotions.com\/wp-content\/uploads\/2022\/10\/stylemotions-map.png\" class=\"attachment-full size-full wp-image-1170\" alt=\"Anfahrt stylemotions\" srcset=\"https:\/\/stylemotions.com\/wp-content\/uploads\/2022\/10\/stylemotions-map.png 1987w, https:\/\/stylemotions.com\/wp-content\/uploads\/2022\/10\/stylemotions-map-300x89.png 300w, https:\/\/stylemotions.com\/wp-content\/uploads\/2022\/10\/stylemotions-map-1024x304.png 1024w, https:\/\/stylemotions.com\/wp-content\/uploads\/2022\/10\/stylemotions-map-768x228.png 768w, https:\/\/stylemotions.com\/wp-content\/uploads\/2022\/10\/stylemotions-map-1536x455.png 1536w\" sizes=\"(max-width: 1987px) 100vw, 1987px\" \/>\t\t\t\t\t\t\t\t<\/a>\n\t\t\t\t\t\t\t\t\t\t\t\t\t\t\t<\/div>\n\t\t\t\t<\/div>\n\t\t\t\t<section class=\"elementor-section elementor-inner-section elementor-element elementor-element-64de26c2 elementor-section-content-middle elementor-section-boxed elementor-section-height-default elementor-section-height-default\" data-id=\"64de26c2\" data-element_type=\"section\" data-e-type=\"section\">\n\t\t\t\t\t\t<div class=\"elementor-container elementor-column-gap-no\">\n\t\t\t\t\t<div class=\"elementor-column elementor-col-33 elementor-inner-column elementor-element elementor-element-260cafa8\" data-id=\"260cafa8\" data-element_type=\"column\" data-e-type=\"column\">\n\t\t\t<div class=\"elementor-widget-wrap elementor-element-populated\">\n\t\t\t\t\t\t<div class=\"elementor-element elementor-element-197df8c1 elementor-widget elementor-widget-heading\" data-id=\"197df8c1\" data-element_type=\"widget\" data-e-type=\"widget\" data-widget_type=\"heading.default\">\n\t\t\t\t<div class=\"elementor-widget-container\">\n\t\t\t\t\t<h6 class=\"elementor-heading-title elementor-size-default\">Direcci\u00f3n<\/h6>\t\t\t\t<\/div>\n\t\t\t\t<\/div>\n\t\t\t\t<div class=\"elementor-element elementor-element-2f4bb7d6 elementor-widget elementor-widget-text-editor\" data-id=\"2f4bb7d6\" data-element_type=\"widget\" data-e-type=\"widget\" data-widget_type=\"text-editor.default\">\n\t\t\t\t<div class=\"elementor-widget-container\">\n\t\t\t\t\t\t\t\t\t<p><span style=\"color: #808080;\">Carrer del Pou d\u2019Avall, 4 &#8211; <\/span><span style=\"color: #808080;\">07570 Art\u00e0<\/span><br \/><span style=\"color: #808080;\">Espa\u00f1a \/ Islas Baleares<\/span><\/p>\t\t\t\t\t\t\t\t<\/div>\n\t\t\t\t<\/div>\n\t\t\t\t\t<\/div>\n\t\t<\/div>\n\t\t\t\t<div class=\"elementor-column elementor-col-33 elementor-inner-column elementor-element elementor-element-50fdb488\" data-id=\"50fdb488\" data-element_type=\"column\" data-e-type=\"column\">\n\t\t\t<div class=\"elementor-widget-wrap elementor-element-populated\">\n\t\t\t\t\t\t<div class=\"elementor-element elementor-element-55b3cdfd elementor-widget elementor-widget-heading\" data-id=\"55b3cdfd\" data-element_type=\"widget\" data-e-type=\"widget\" data-widget_type=\"heading.default\">\n\t\t\t\t<div class=\"elementor-widget-container\">\n\t\t\t\t\t<h6 class=\"elementor-heading-title elementor-size-default\">Horarios<\/h6>\t\t\t\t<\/div>\n\t\t\t\t<\/div>\n\t\t\t\t<div class=\"elementor-element elementor-element-684374bc elementor-widget elementor-widget-text-editor\" data-id=\"684374bc\" data-element_type=\"widget\" data-e-type=\"widget\" data-widget_type=\"text-editor.default\">\n\t\t\t\t<div class=\"elementor-widget-container\">\n\t\t\t\t\t\t\t\t\t<p><span style=\"color: #808080;\">9:30 AM- 14.00 PM<\/span><br \/><span style=\"color: #808080;\">Monday &#8211; Friday<\/span><\/p>\t\t\t\t\t\t\t\t<\/div>\n\t\t\t\t<\/div>\n\t\t\t\t\t<\/div>\n\t\t<\/div>\n\t\t\t\t<div class=\"elementor-column elementor-col-33 elementor-inner-column elementor-element elementor-element-23766200\" data-id=\"23766200\" data-element_type=\"column\" data-e-type=\"column\">\n\t\t\t<div class=\"elementor-widget-wrap elementor-element-populated\">\n\t\t\t\t\t\t<div class=\"elementor-element elementor-element-76e317b6 elementor-widget elementor-widget-heading\" data-id=\"76e317b6\" data-element_type=\"widget\" data-e-type=\"widget\" data-widget_type=\"heading.default\">\n\t\t\t\t<div class=\"elementor-widget-container\">\n\t\t\t\t\t<h6 class=\"elementor-heading-title elementor-size-default\">Comunicaci\u00f3n<\/h6>\t\t\t\t<\/div>\n\t\t\t\t<\/div>\n\t\t\t\t<div class=\"elementor-element elementor-element-7c0cb6d2 elementor-widget elementor-widget-text-editor\" data-id=\"7c0cb6d2\" data-element_type=\"widget\" data-e-type=\"widget\" data-widget_type=\"text-editor.default\">\n\t\t\t\t<div class=\"elementor-widget-container\">\n\t\t\t\t\t\t\t\t\t<p><span style=\"color: #808080;\">Mobil: +34 644 361 058<\/span><br \/><span style=\"color: #808080;\">E-Mail: info@stylemotions.com<br \/><img decoding=\"async\" class=\"aligncenter wp-image-1409\" src=\"https:\/\/stylemotions.com\/wp-content\/uploads\/2025\/03\/Kommunikation-300x103.png\" alt=\"Kommunikation\" width=\"150\" height=\"52\" srcset=\"https:\/\/stylemotions.com\/wp-content\/uploads\/2025\/03\/Kommunikation-300x103.png 300w, https:\/\/stylemotions.com\/wp-content\/uploads\/2025\/03\/Kommunikation.png 320w\" sizes=\"(max-width: 150px) 100vw, 150px\" \/><br \/><\/span><\/p>\t\t\t\t\t\t\t\t<\/div>\n\t\t\t\t<\/div>\n\t\t\t\t\t<\/div>\n\t\t<\/div>\n\t\t\t\t\t<\/div>\n\t\t<\/section>\n\t\t\t\t\t<\/div>\n\t\t<\/div>\n\t\t\t\t\t<\/div>\n\t\t<\/section>\n\t\t\t\t<section class=\"elementor-section elementor-top-section elementor-element elementor-element-644389d elementor-section-boxed elementor-section-height-default elementor-section-height-default\" data-id=\"644389d\" data-element_type=\"section\" data-e-type=\"section\">\n\t\t\t\t\t\t<div class=\"elementor-container elementor-column-gap-default\">\n\t\t\t\t\t<div class=\"elementor-column elementor-col-100 elementor-top-column elementor-element elementor-element-3f8ed2e\" data-id=\"3f8ed2e\" data-element_type=\"column\" data-e-type=\"column\">\n\t\t\t<div class=\"elementor-widget-wrap elementor-element-populated\">\n\t\t\t\t\t\t<div class=\"elementor-element elementor-element-63a6e63 elementor-widget elementor-widget-shortcode\" data-id=\"63a6e63\" data-element_type=\"widget\" data-e-type=\"widget\" data-widget_type=\"shortcode.default\">\n\t\t\t\t<div class=\"elementor-widget-container\">\n\t\t\t\t\t\t\t<div class=\"elementor-shortcode\">\n<div class=\"wpcf7 no-js\" id=\"wpcf7-f1189-o1\" lang=\"de-DE\" dir=\"ltr\" data-wpcf7-id=\"1189\">\n<div class=\"screen-reader-response\"><p role=\"status\" aria-live=\"polite\" aria-atomic=\"true\"><\/p> <ul><\/ul><\/div>\n<form action=\"\/es\/wp-json\/wp\/v2\/pages\/202#wpcf7-f1189-o1\" method=\"post\" class=\"wpcf7-form init\" aria-label=\"Kontaktformular\" novalidate=\"novalidate\" data-status=\"init\">\n<fieldset class=\"hidden-fields-container\"><input type=\"hidden\" name=\"_wpcf7\" value=\"1189\" \/><input type=\"hidden\" name=\"_wpcf7_version\" value=\"6.1.5\" \/><input type=\"hidden\" name=\"_wpcf7_locale\" value=\"de_DE\" \/><input type=\"hidden\" name=\"_wpcf7_unit_tag\" value=\"wpcf7-f1189-o1\" \/><input type=\"hidden\" name=\"_wpcf7_container_post\" value=\"0\" \/><input type=\"hidden\" name=\"_wpcf7_posted_data_hash\" value=\"\" \/><input type=\"hidden\" name=\"_cf7a__timestamp\" value=\"5GZQ\/nX3BLYViBtxAYqfgQ==\" \/><input type=\"hidden\" name=\"_cf7a_version\" value=\"1.0\" \/><input type=\"hidden\" name=\"_cf7a_address\" value=\"\" \/><input type=\"hidden\" name=\"_cf7a_referer\" value=\"\" \/><input type=\"hidden\" name=\"_cf7a_protocol\" value=\"\" \/><input type=\"hidden\" name=\"lang\" value=\"es\" \/><input type=\"hidden\" name=\"_cf7a_bot_fingerprint\" value=\"5GZQ\/nX3BLYViBtxAYqfgQ==\" \/><input type=\"hidden\" name=\"_cf7a_bot_fingerprint_extras\" \/><input type=\"hidden\" name=\"_cf7a_append_on_submit\" \/>\n<\/fieldset>\n<p><label> Su Nombre<br \/>\n<span class=\"wpcf7-form-control-wrap\" data-name=\"your-name\"><input size=\"40\" maxlength=\"400\" class=\"wpcf7-form-control wpcf7-text wpcf7-validates-as-required\" aria-required=\"true\" aria-invalid=\"false\" value=\"\" type=\"text\" name=\"your-name\" \/><input type=\"text\" name=\"name\" value=\"\" autocomplete=\"fill\" class=\"fit-the-fullspace\" aria-hidden=\"true\" tabindex=\"-1\" \/><\/span> <\/label>\n<\/p>\n<p><label> Su correo electronico<br \/>\n<span class=\"wpcf7-form-control-wrap\" data-name=\"your-email\"><input size=\"40\" maxlength=\"400\" class=\"wpcf7-form-control wpcf7-email wpcf7-validates-as-required wpcf7-text wpcf7-validates-as-email\" aria-required=\"true\" aria-invalid=\"false\" value=\"\" type=\"email\" name=\"your-email\" \/><\/span> <\/label>\n<\/p>\n<p><label> Asunto<br \/>\n<span class=\"wpcf7-form-control-wrap\" data-name=\"your-subject\"><input size=\"40\" maxlength=\"400\" class=\"wpcf7-form-control wpcf7-text wpcf7-validates-as-required\" aria-required=\"true\" aria-invalid=\"false\" value=\"\" type=\"text\" name=\"your-subject\" \/><input type=\"text\" name=\"address\" value=\"\" autocomplete=\"fill\" class=\"fit-the-fullspace\" aria-hidden=\"true\" tabindex=\"-1\" \/><\/span> <\/label>\n<\/p>\n<p><span class=\"wpcf7-form-control-wrap\" data-name=\"menu-672\"><select class=\"wpcf7-form-control wpcf7-select wpcf7-validates-as-required\" aria-required=\"true\" aria-invalid=\"false\" name=\"menu-672\"><option value=\"General\">General<\/option><option value=\"Consultor\u00eda\">Consultor\u00eda<\/option><option value=\"Logotipos \/ S\u00edmbolos\">Logotipos \/ S\u00edmbolos<\/option><option value=\"Dise\u00f1o de Impresi\u00f3n\">Dise\u00f1o de Impresi\u00f3n<\/option><option value=\"Dise\u00f1o de p\u00e1ginas web\">Dise\u00f1o de p\u00e1ginas web<\/option><option value=\"Animaciones y V\u00eddeos Publicitarios\">Animaciones y V\u00eddeos Publicitarios<\/option><option value=\"C\u00f3mics \/ Dibujos animados\">C\u00f3mics \/ Dibujos animados<\/option><\/select><\/span>\n<\/p>\n<p><label> Su mensaje para nosotros (optional)<br \/>\n<span class=\"wpcf7-form-control-wrap\" data-name=\"your-message\"><textarea cols=\"40\" rows=\"10\" maxlength=\"2000\" class=\"wpcf7-form-control wpcf7-textarea\" aria-invalid=\"false\" name=\"your-message\"><\/textarea><\/span> <\/label>\n<\/p>\n<p><span class=\"wpcf7-form-control-wrap\" data-name=\"acceptance-590\"><span class=\"wpcf7-form-control wpcf7-acceptance\"><span class=\"wpcf7-list-item\"><label><input type=\"checkbox\" name=\"acceptance-590\" value=\"1\" aria-invalid=\"false\" \/><span class=\"wpcf7-list-item-label\">Sus datos se utilizar\u00e1n exclusivamente para la tarea o los documentos solicitados por usted. Una vez transcurridos los plazos legales de conservaci\u00f3n, los eliminaremos. Encontrar\u00e1 m\u00e1s informaci\u00f3n en nuestra declaraci\u00f3n de protecci\u00f3n de datos. Por la presente, declaro mi aceptaci\u00f3n.<\/span><\/label><\/span><\/span><\/span>\n<\/p>\n<p><input class=\"wpcf7-form-control wpcf7-submit has-spinner\" type=\"submit\" value=\"Enviar\" \/>\n<\/p><div class=\"wpcf7-response-output\" aria-hidden=\"true\"><\/div>\n<\/form>\n<\/div>\n<\/div>\n\t\t\t\t\t\t<\/div>\n\t\t\t\t<\/div>\n\t\t\t\t\t<\/div>\n\t\t<\/div>\n\t\t\t\t\t<\/div>\n\t\t<\/section>\n\t\t\t\t<\/div>\n\t\t","protected":false},"excerpt":{"rendered":"<p>Como llegarDirecci\u00f3nHorarios Comunicaci\u00f3n<\/p>\n","protected":false},"author":1,"featured_media":0,"parent":0,"menu_order":0,"comment_status":"closed","ping_status":"closed","template":"","meta":{"footnotes":""},"class_list":["post-202","page","type-page","status-publish","hentry"],"yoast_head":"<!-- This site is optimized with the Yoast SEO plugin v27.3 - https:\/\/yoast.com\/product\/yoast-seo-wordpress\/ -->\n<title>Contacto<\/title>\n<meta name=\"robots\" content=\"index, follow, max-snippet:-1, max-image-preview:large, max-video-preview:-1\" \/>\n<link rel=\"canonical\" href=\"https:\/\/stylemotions.com\/es\/kontakt\/\" \/>\n<meta property=\"og:locale\" content=\"es_ES\" \/>\n<meta property=\"og:locale:alternate\" content=\"de_DE\" \/>\n<meta property=\"og:locale:alternate\" content=\"en_UK\" \/>\n<meta property=\"og:type\" content=\"article\" \/>\n<meta property=\"og:title\" content=\"Contacto\" \/>\n<meta property=\"og:description\" content=\"Como llegarDirecci\u00f3nHorarios Comunicaci\u00f3n\" \/>\n<meta property=\"og:url\" content=\"https:\/\/stylemotions.com\/es\/kontakt\/\" \/>\n<meta property=\"og:site_name\" content=\"stylemotions | mediadesign\" \/>\n<meta property=\"article:modified_time\" content=\"2025-12-19T09:21:00+00:00\" \/>\n<meta name=\"twitter:card\" content=\"summary_large_image\" \/>\n<meta name=\"twitter:label1\" content=\"Tiempo de lectura\" \/>\n\t<meta name=\"twitter:data1\" content=\"1 minuto\" \/>\n<script type=\"application\/ld+json\" class=\"yoast-schema-graph\">{\"@context\":\"https:\\\/\\\/schema.org\",\"@graph\":[{\"@type\":\"WebPage\",\"@id\":\"https:\\\/\\\/stylemotions.com\\\/kontakt\\\/\",\"url\":\"https:\\\/\\\/stylemotions.com\\\/kontakt\\\/\",\"name\":\"Contacto\",\"isPartOf\":{\"@id\":\"https:\\\/\\\/stylemotions.com\\\/#website\"},\"datePublished\":\"2018-10-23T08:32:35+00:00\",\"dateModified\":\"2025-12-19T09:21:00+00:00\",\"breadcrumb\":{\"@id\":\"https:\\\/\\\/stylemotions.com\\\/kontakt\\\/#breadcrumb\"},\"inLanguage\":\"es-ES\",\"potentialAction\":[{\"@type\":\"ReadAction\",\"target\":[\"https:\\\/\\\/stylemotions.com\\\/kontakt\\\/\"]}]},{\"@type\":\"BreadcrumbList\",\"@id\":\"https:\\\/\\\/stylemotions.com\\\/kontakt\\\/#breadcrumb\",\"itemListElement\":[{\"@type\":\"ListItem\",\"position\":1,\"name\":\"Start\",\"item\":\"https:\\\/\\\/stylemotions.com\\\/\"},{\"@type\":\"ListItem\",\"position\":2,\"name\":\"Kontakt\"}]},{\"@type\":\"WebSite\",\"@id\":\"https:\\\/\\\/stylemotions.com\\\/#website\",\"url\":\"https:\\\/\\\/stylemotions.com\\\/\",\"name\":\"stylemotions | mediadesign\",\"description\":\"Digital- &amp; Printmedien\",\"publisher\":{\"@id\":\"https:\\\/\\\/stylemotions.com\\\/#organization\"},\"potentialAction\":[{\"@type\":\"SearchAction\",\"target\":{\"@type\":\"EntryPoint\",\"urlTemplate\":\"https:\\\/\\\/stylemotions.com\\\/?s={search_term_string}\"},\"query-input\":{\"@type\":\"PropertyValueSpecification\",\"valueRequired\":true,\"valueName\":\"search_term_string\"}}],\"inLanguage\":\"es-ES\"},{\"@type\":\"Organization\",\"@id\":\"https:\\\/\\\/stylemotions.com\\\/#organization\",\"name\":\"stylemotions | mediadesign\",\"url\":\"https:\\\/\\\/stylemotions.com\\\/\",\"logo\":{\"@type\":\"ImageObject\",\"inLanguage\":\"es-ES\",\"@id\":\"https:\\\/\\\/stylemotions.com\\\/#\\\/schema\\\/logo\\\/image\\\/\",\"url\":\"https:\\\/\\\/stylemotions.com\\\/wp-content\\\/uploads\\\/2022\\\/08\\\/stylemotions_favicon.png\",\"contentUrl\":\"https:\\\/\\\/stylemotions.com\\\/wp-content\\\/uploads\\\/2022\\\/08\\\/stylemotions_favicon.png\",\"width\":250,\"height\":250,\"caption\":\"stylemotions | mediadesign\"},\"image\":{\"@id\":\"https:\\\/\\\/stylemotions.com\\\/#\\\/schema\\\/logo\\\/image\\\/\"}}]}<\/script>\n<!-- \/ Yoast SEO plugin. -->","yoast_head_json":{"title":"Contacto","robots":{"index":"index","follow":"follow","max-snippet":"max-snippet:-1","max-image-preview":"max-image-preview:large","max-video-preview":"max-video-preview:-1"},"canonical":"https:\/\/stylemotions.com\/es\/kontakt\/","og_locale":"es_ES","og_type":"article","og_title":"[:de]Kontakt[:es]Contacto[:en]Contact[:] - stylemotions | mediadesign","og_description":"Como llegarDirecci\u00f3nHorarios Comunicaci\u00f3n","og_url":"https:\/\/stylemotions.com\/es\/kontakt\/","og_site_name":"stylemotions | mediadesign","article_modified_time":"2025-12-19T09:21:00+00:00","twitter_card":"summary_large_image","twitter_misc":{"Tiempo de lectura":"1 minuto"},"schema":{"@context":"https:\/\/schema.org","@graph":[{"@type":"WebPage","@id":"https:\/\/stylemotions.com\/kontakt\/","url":"https:\/\/stylemotions.com\/kontakt\/","name":"Contacto","isPartOf":{"@id":"https:\/\/stylemotions.com\/#website"},"datePublished":"2018-10-23T08:32:35+00:00","dateModified":"2025-12-19T09:21:00+00:00","breadcrumb":{"@id":"https:\/\/stylemotions.com\/kontakt\/#breadcrumb"},"inLanguage":"es-ES","potentialAction":[{"@type":"ReadAction","target":["https:\/\/stylemotions.com\/kontakt\/"]}]},{"@type":"BreadcrumbList","@id":"https:\/\/stylemotions.com\/kontakt\/#breadcrumb","itemListElement":[{"@type":"ListItem","position":1,"name":"Start","item":"https:\/\/stylemotions.com\/"},{"@type":"ListItem","position":2,"name":"Kontakt"}]},{"@type":"WebSite","@id":"https:\/\/stylemotions.com\/#website","url":"https:\/\/stylemotions.com\/","name":"stylemotions | mediadesign","description":"Digital- &amp; Printmedien","publisher":{"@id":"https:\/\/stylemotions.com\/#organization"},"potentialAction":[{"@type":"SearchAction","target":{"@type":"EntryPoint","urlTemplate":"https:\/\/stylemotions.com\/?s={search_term_string}"},"query-input":{"@type":"PropertyValueSpecification","valueRequired":true,"valueName":"search_term_string"}}],"inLanguage":"es-ES"},{"@type":"Organization","@id":"https:\/\/stylemotions.com\/#organization","name":"stylemotions | mediadesign","url":"https:\/\/stylemotions.com\/","logo":{"@type":"ImageObject","inLanguage":"es-ES","@id":"https:\/\/stylemotions.com\/#\/schema\/logo\/image\/","url":"https:\/\/stylemotions.com\/wp-content\/uploads\/2022\/08\/stylemotions_favicon.png","contentUrl":"https:\/\/stylemotions.com\/wp-content\/uploads\/2022\/08\/stylemotions_favicon.png","width":250,"height":250,"caption":"stylemotions | mediadesign"},"image":{"@id":"https:\/\/stylemotions.com\/#\/schema\/logo\/image\/"}}]}},"_links":{"self":[{"href":"https:\/\/stylemotions.com\/es\/wp-json\/wp\/v2\/pages\/202","targetHints":{"allow":["GET"]}}],"collection":[{"href":"https:\/\/stylemotions.com\/es\/wp-json\/wp\/v2\/pages"}],"about":[{"href":"https:\/\/stylemotions.com\/es\/wp-json\/wp\/v2\/types\/page"}],"author":[{"embeddable":true,"href":"https:\/\/stylemotions.com\/es\/wp-json\/wp\/v2\/users\/1"}],"replies":[{"embeddable":true,"href":"https:\/\/stylemotions.com\/es\/wp-json\/wp\/v2\/comments?post=202"}],"version-history":[{"count":103,"href":"https:\/\/stylemotions.com\/es\/wp-json\/wp\/v2\/pages\/202\/revisions"}],"predecessor-version":[{"id":1502,"href":"https:\/\/stylemotions.com\/es\/wp-json\/wp\/v2\/pages\/202\/revisions\/1502"}],"wp:attachment":[{"href":"https:\/\/stylemotions.com\/es\/wp-json\/wp\/v2\/media?parent=202"}],"curies":[{"name":"wp","href":"https:\/\/api.w.org\/{rel}","templated":true}]}}