{"id":465,"date":"2022-10-02T14:42:28","date_gmt":"2022-10-02T12:42:28","guid":{"rendered":"https:\/\/stylemotions.com\/?page_id=465"},"modified":"2022-10-25T01:57:29","modified_gmt":"2022-10-24T23:57:29","slug":"leistungen","status":"publish","type":"page","link":"https:\/\/stylemotions.com\/es\/leistungen\/","title":{"rendered":"Servicios"},"content":{"rendered":"\n<p>Nuestro portafolio de servicios es muy amplio pero nos centramos especialmente en&nbsp;<strong>dise\u00f1o<\/strong>&nbsp;para&nbsp;<strong>medios digitales<\/strong>,&nbsp;<strong>animaci\u00f3n<\/strong>&nbsp;y&nbsp;<strong>c\u00f3mics<\/strong>.<\/p>\n\n\n\n<div class=\"wp-block-columns is-layout-flex wp-container-core-columns-is-layout-9d6595d7 wp-block-columns-is-layout-flex\">\n<div class=\"wp-block-column is-layout-flow wp-block-column-is-layout-flow\">\n<figure class=\"wp-block-image size-large\"><img fetchpriority=\"high\" decoding=\"async\" width=\"1024\" height=\"475\" src=\"https:\/\/stylemotions.com\/wp-content\/uploads\/2022\/10\/Beratung-Konzept_V1_1400x650px-1024x475.jpg\" alt=\"Beratung &#038; Konzeption\" class=\"wp-image-1110\" srcset=\"https:\/\/stylemotions.com\/wp-content\/uploads\/2022\/10\/Beratung-Konzept_V1_1400x650px-1024x475.jpg 1024w, https:\/\/stylemotions.com\/wp-content\/uploads\/2022\/10\/Beratung-Konzept_V1_1400x650px-300x139.jpg 300w, https:\/\/stylemotions.com\/wp-content\/uploads\/2022\/10\/Beratung-Konzept_V1_1400x650px-768x357.jpg 768w, https:\/\/stylemotions.com\/wp-content\/uploads\/2022\/10\/Beratung-Konzept_V1_1400x650px.jpg 1400w\" sizes=\"(max-width: 1024px) 100vw, 1024px\" \/><\/figure>\n\n\n\n<div class=\"wp-block-buttons is-content-justification-center is-layout-flex wp-container-core-buttons-is-layout-16018d1d wp-block-buttons-is-layout-flex\">\n<div class=\"wp-block-button\"><a class=\"wp-block-button__link has-background\" href=\"https:\/\/stylemotions.com\/es\/leistungen\/beratung-konzeption\/\" style=\"border-top-left-radius:0px;border-top-right-radius:0px;border-bottom-left-radius:10px;border-bottom-right-radius:10px;background-color:#e31a82\">ASESOR\u00cdA Y CONCEPCI\u00d3N<\/a><\/div>\n<\/div>\n\n\n\n<div style=\"height:50px\" aria-hidden=\"true\" class=\"wp-block-spacer\"><\/div>\n\n\n\n<figure class=\"wp-block-image size-large\"><img decoding=\"async\" width=\"1024\" height=\"475\" src=\"https:\/\/stylemotions.com\/wp-content\/uploads\/2022\/10\/Design-Druckvorlagen_1400x650px-1024x475.jpg\" alt=\"Design Druckvorlagen\" class=\"wp-image-895\" srcset=\"https:\/\/stylemotions.com\/wp-content\/uploads\/2022\/10\/Design-Druckvorlagen_1400x650px-1024x475.jpg 1024w, https:\/\/stylemotions.com\/wp-content\/uploads\/2022\/10\/Design-Druckvorlagen_1400x650px-300x139.jpg 300w, https:\/\/stylemotions.com\/wp-content\/uploads\/2022\/10\/Design-Druckvorlagen_1400x650px-768x357.jpg 768w, https:\/\/stylemotions.com\/wp-content\/uploads\/2022\/10\/Design-Druckvorlagen_1400x650px.jpg 1400w\" sizes=\"(max-width: 1024px) 100vw, 1024px\" \/><\/figure>\n\n\n\n<div class=\"wp-block-buttons is-content-justification-center is-layout-flex wp-container-core-buttons-is-layout-16018d1d wp-block-buttons-is-layout-flex\">\n<div class=\"wp-block-button\"><a class=\"wp-block-button__link has-background\" href=\"https:\/\/stylemotions.com\/es\/leistungen\/design-druckvorlagen\/\" style=\"border-top-left-radius:0px;border-top-right-radius:0px;border-bottom-left-radius:10px;border-bottom-right-radius:10px;background-color:#e31a82\">DISE\u00d1O PARA IMPRESI\u00d3N<\/a><\/div>\n<\/div>\n<\/div>\n\n\n\n<div class=\"wp-block-column is-layout-flow wp-block-column-is-layout-flow\">\n<figure class=\"wp-block-image size-large\"><img decoding=\"async\" width=\"1024\" height=\"475\" src=\"https:\/\/stylemotions.com\/wp-content\/uploads\/2022\/10\/Logo-Symbole-Grafiken_1400x650px-1-1024x475.jpg\" alt=\"Logo \/ Symbole &#038; Grafiken\" class=\"wp-image-1111\" srcset=\"https:\/\/stylemotions.com\/wp-content\/uploads\/2022\/10\/Logo-Symbole-Grafiken_1400x650px-1-1024x475.jpg 1024w, https:\/\/stylemotions.com\/wp-content\/uploads\/2022\/10\/Logo-Symbole-Grafiken_1400x650px-1-300x139.jpg 300w, https:\/\/stylemotions.com\/wp-content\/uploads\/2022\/10\/Logo-Symbole-Grafiken_1400x650px-1-768x357.jpg 768w, https:\/\/stylemotions.com\/wp-content\/uploads\/2022\/10\/Logo-Symbole-Grafiken_1400x650px-1.jpg 1400w\" sizes=\"(max-width: 1024px) 100vw, 1024px\" \/><\/figure>\n\n\n\n<div class=\"wp-block-buttons is-content-justification-center is-layout-flex wp-container-core-buttons-is-layout-16018d1d wp-block-buttons-is-layout-flex\">\n<div class=\"wp-block-button\"><a class=\"wp-block-button__link has-background\" href=\"https:\/\/stylemotions.com\/es\/leistungen\/logo-symbole-grafiken\/\" style=\"border-top-left-radius:0px;border-top-right-radius:0px;border-bottom-left-radius:10px;border-bottom-right-radius:10px;background-color:#e31a82\">LOGOTIPOS \/ S\u00cdMBOLOS Y GR\u00c1FICOS<\/a><\/div>\n<\/div>\n\n\n\n<div style=\"height:50px\" aria-hidden=\"true\" class=\"wp-block-spacer\"><\/div>\n\n\n\n<figure class=\"wp-block-image size-large\"><img loading=\"lazy\" decoding=\"async\" width=\"1024\" height=\"475\" src=\"https:\/\/stylemotions.com\/wp-content\/uploads\/2022\/10\/webdesign-_V2_1400x650px-1024x475.jpg\" alt=\"\" class=\"wp-image-842\" srcset=\"https:\/\/stylemotions.com\/wp-content\/uploads\/2022\/10\/webdesign-_V2_1400x650px-1024x475.jpg 1024w, https:\/\/stylemotions.com\/wp-content\/uploads\/2022\/10\/webdesign-_V2_1400x650px-300x139.jpg 300w, https:\/\/stylemotions.com\/wp-content\/uploads\/2022\/10\/webdesign-_V2_1400x650px-768x357.jpg 768w, https:\/\/stylemotions.com\/wp-content\/uploads\/2022\/10\/webdesign-_V2_1400x650px.jpg 1400w\" sizes=\"(max-width: 1024px) 100vw, 1024px\" \/><\/figure>\n\n\n\n<div class=\"wp-block-buttons is-content-justification-center is-layout-flex wp-container-core-buttons-is-layout-16018d1d wp-block-buttons-is-layout-flex\">\n<div class=\"wp-block-button\"><a class=\"wp-block-button__link has-background\" href=\"https:\/\/stylemotions.com\/es\/leistungen\/webdesign\/\" style=\"border-top-left-radius:0px;border-top-right-radius:0px;border-bottom-left-radius:10px;border-bottom-right-radius:10px;background-color:#e31a82\">DISE\u00d1O DE P\u00c1GINAS WEB<\/a><\/div>\n<\/div>\n<\/div>\n\n\n\n<div class=\"wp-block-column is-layout-flow wp-block-column-is-layout-flow\">\n<figure class=\"wp-block-image size-large is-style-default\"><img loading=\"lazy\" decoding=\"async\" width=\"1024\" height=\"475\" src=\"https:\/\/stylemotions.com\/wp-content\/uploads\/2022\/10\/Animationen-Werbeclips_1400x650px-1-1024x475.jpg\" alt=\"Comics &#038; Cartoons\" class=\"wp-image-1078\" srcset=\"https:\/\/stylemotions.com\/wp-content\/uploads\/2022\/10\/Animationen-Werbeclips_1400x650px-1-1024x475.jpg 1024w, https:\/\/stylemotions.com\/wp-content\/uploads\/2022\/10\/Animationen-Werbeclips_1400x650px-1-300x139.jpg 300w, https:\/\/stylemotions.com\/wp-content\/uploads\/2022\/10\/Animationen-Werbeclips_1400x650px-1-768x357.jpg 768w, https:\/\/stylemotions.com\/wp-content\/uploads\/2022\/10\/Animationen-Werbeclips_1400x650px-1.jpg 1400w\" sizes=\"(max-width: 1024px) 100vw, 1024px\" \/><\/figure>\n\n\n\n<div class=\"wp-block-buttons is-content-justification-center is-layout-flex wp-container-core-buttons-is-layout-16018d1d wp-block-buttons-is-layout-flex\">\n<div class=\"wp-block-button\"><a class=\"wp-block-button__link has-background\" href=\"https:\/\/stylemotions.com\/es\/leistungen\/animationen-werbeclips\/\" style=\"border-top-left-radius:0px;border-top-right-radius:0px;border-bottom-left-radius:10px;border-bottom-right-radius:10px;background-color:#e31a82\">ANIMACIONES \/ VIDEOS <\/a><\/div>\n<\/div>\n\n\n\n<div style=\"height:50px\" aria-hidden=\"true\" class=\"wp-block-spacer\"><\/div>\n\n\n\n<figure class=\"wp-block-image size-large\"><img loading=\"lazy\" decoding=\"async\" width=\"1024\" height=\"475\" src=\"https:\/\/stylemotions.com\/wp-content\/uploads\/2022\/10\/Comics-Cartoons_1400x650px-1024x475.jpg\" alt=\"Comics &#038; Cartoons\" class=\"wp-image-1081\" srcset=\"https:\/\/stylemotions.com\/wp-content\/uploads\/2022\/10\/Comics-Cartoons_1400x650px-1024x475.jpg 1024w, https:\/\/stylemotions.com\/wp-content\/uploads\/2022\/10\/Comics-Cartoons_1400x650px-300x139.jpg 300w, https:\/\/stylemotions.com\/wp-content\/uploads\/2022\/10\/Comics-Cartoons_1400x650px-768x357.jpg 768w, https:\/\/stylemotions.com\/wp-content\/uploads\/2022\/10\/Comics-Cartoons_1400x650px.jpg 1400w\" sizes=\"(max-width: 1024px) 100vw, 1024px\" \/><\/figure>\n\n\n\n<div class=\"wp-block-buttons is-content-justification-center is-layout-flex wp-container-core-buttons-is-layout-16018d1d wp-block-buttons-is-layout-flex\">\n<div class=\"wp-block-button\"><a class=\"wp-block-button__link has-background\" href=\"https:\/\/stylemotions.com\/leistungen\/comics-cartoons\/\" style=\"border-top-left-radius:0px;border-top-right-radius:0px;border-bottom-left-radius:10px;border-bottom-right-radius:10px;background-color:#e31a82\">C\u00d3MICS \/ DIBUJOS ANIMADOS<\/a><\/div>\n<\/div>\n<\/div>\n<\/div>\n","protected":false},"excerpt":{"rendered":"<p>Nuestro portafolio de servicios es muy amplio pero nos centramos especialmente en&nbsp;dise\u00f1o&nbsp;para&nbsp;medios digitales,&nbsp;animaci\u00f3n&nbsp;y&nbsp;c\u00f3mics.<\/p>\n","protected":false},"author":1,"featured_media":115,"parent":0,"menu_order":0,"comment_status":"closed","ping_status":"closed","template":"","meta":{"footnotes":""},"class_list":["post-465","page","type-page","status-publish","has-post-thumbnail","hentry"],"yoast_head":"<!-- This site is optimized with the Yoast SEO plugin v27.3 - https:\/\/yoast.com\/product\/yoast-seo-wordpress\/ -->\n<title>Servicios<\/title>\n<meta name=\"robots\" content=\"index, follow, max-snippet:-1, max-image-preview:large, max-video-preview:-1\" \/>\n<link rel=\"canonical\" href=\"https:\/\/stylemotions.com\/es\/leistungen\/\" \/>\n<meta property=\"og:locale\" content=\"es_ES\" \/>\n<meta property=\"og:locale:alternate\" content=\"de_DE\" \/>\n<meta property=\"og:locale:alternate\" content=\"en_UK\" \/>\n<meta property=\"og:type\" content=\"article\" \/>\n<meta property=\"og:title\" content=\"Servicios\" \/>\n<meta property=\"og:description\" content=\"Nuestro portafolio de servicios es muy amplio pero nos centramos especialmente en&nbsp;dise\u00f1o&nbsp;para&nbsp;medios digitales,&nbsp;animaci\u00f3n&nbsp;y&nbsp;c\u00f3mics.\" \/>\n<meta property=\"og:url\" content=\"https:\/\/stylemotions.com\/es\/leistungen\/\" \/>\n<meta property=\"og:site_name\" content=\"stylemotions | mediadesign\" \/>\n<meta property=\"article:modified_time\" content=\"2022-10-24T23:57:29+00:00\" \/>\n<meta property=\"og:image\" content=\"https:\/\/stylemotions.com\/wp-content\/uploads\/2022\/08\/Kommunikation-Mallorca.jpg\" \/>\n\t<meta property=\"og:image:width\" content=\"1400\" \/>\n\t<meta property=\"og:image:height\" content=\"500\" \/>\n\t<meta property=\"og:image:type\" content=\"image\/jpeg\" \/>\n<meta name=\"twitter:card\" content=\"summary_large_image\" \/>\n<meta name=\"twitter:label1\" content=\"Tiempo de lectura\" \/>\n\t<meta name=\"twitter:data1\" content=\"1 minuto\" \/>\n<script type=\"application\/ld+json\" class=\"yoast-schema-graph\">{\"@context\":\"https:\\\/\\\/schema.org\",\"@graph\":[{\"@type\":\"WebPage\",\"@id\":\"https:\\\/\\\/stylemotions.com\\\/leistungen\\\/\",\"url\":\"https:\\\/\\\/stylemotions.com\\\/leistungen\\\/\",\"name\":\"Servicios\",\"isPartOf\":{\"@id\":\"https:\\\/\\\/stylemotions.com\\\/#website\"},\"primaryImageOfPage\":{\"@id\":\"https:\\\/\\\/stylemotions.com\\\/leistungen\\\/#primaryimage\"},\"image\":{\"@id\":\"https:\\\/\\\/stylemotions.com\\\/leistungen\\\/#primaryimage\"},\"thumbnailUrl\":\"https:\\\/\\\/stylemotions.com\\\/wp-content\\\/uploads\\\/2022\\\/08\\\/Kommunikation-Mallorca.jpg\",\"datePublished\":\"2022-10-02T12:42:28+00:00\",\"dateModified\":\"2022-10-24T23:57:29+00:00\",\"breadcrumb\":{\"@id\":\"https:\\\/\\\/stylemotions.com\\\/leistungen\\\/#breadcrumb\"},\"inLanguage\":\"es-ES\",\"potentialAction\":[{\"@type\":\"ReadAction\",\"target\":[\"https:\\\/\\\/stylemotions.com\\\/leistungen\\\/\"]}]},{\"@type\":\"ImageObject\",\"inLanguage\":\"es-ES\",\"@id\":\"https:\\\/\\\/stylemotions.com\\\/leistungen\\\/#primaryimage\",\"url\":\"https:\\\/\\\/stylemotions.com\\\/wp-content\\\/uploads\\\/2022\\\/08\\\/Kommunikation-Mallorca.jpg\",\"contentUrl\":\"https:\\\/\\\/stylemotions.com\\\/wp-content\\\/uploads\\\/2022\\\/08\\\/Kommunikation-Mallorca.jpg\",\"width\":1400,\"height\":500},{\"@type\":\"BreadcrumbList\",\"@id\":\"https:\\\/\\\/stylemotions.com\\\/leistungen\\\/#breadcrumb\",\"itemListElement\":[{\"@type\":\"ListItem\",\"position\":1,\"name\":\"Start\",\"item\":\"https:\\\/\\\/stylemotions.com\\\/\"},{\"@type\":\"ListItem\",\"position\":2,\"name\":\"Leistungen\"}]},{\"@type\":\"WebSite\",\"@id\":\"https:\\\/\\\/stylemotions.com\\\/#website\",\"url\":\"https:\\\/\\\/stylemotions.com\\\/\",\"name\":\"stylemotions | mediadesign\",\"description\":\"Digital- &amp; Printmedien\",\"publisher\":{\"@id\":\"https:\\\/\\\/stylemotions.com\\\/#organization\"},\"potentialAction\":[{\"@type\":\"SearchAction\",\"target\":{\"@type\":\"EntryPoint\",\"urlTemplate\":\"https:\\\/\\\/stylemotions.com\\\/?s={search_term_string}\"},\"query-input\":{\"@type\":\"PropertyValueSpecification\",\"valueRequired\":true,\"valueName\":\"search_term_string\"}}],\"inLanguage\":\"es-ES\"},{\"@type\":\"Organization\",\"@id\":\"https:\\\/\\\/stylemotions.com\\\/#organization\",\"name\":\"stylemotions | mediadesign\",\"url\":\"https:\\\/\\\/stylemotions.com\\\/\",\"logo\":{\"@type\":\"ImageObject\",\"inLanguage\":\"es-ES\",\"@id\":\"https:\\\/\\\/stylemotions.com\\\/#\\\/schema\\\/logo\\\/image\\\/\",\"url\":\"https:\\\/\\\/stylemotions.com\\\/wp-content\\\/uploads\\\/2022\\\/08\\\/stylemotions_favicon.png\",\"contentUrl\":\"https:\\\/\\\/stylemotions.com\\\/wp-content\\\/uploads\\\/2022\\\/08\\\/stylemotions_favicon.png\",\"width\":250,\"height\":250,\"caption\":\"stylemotions | mediadesign\"},\"image\":{\"@id\":\"https:\\\/\\\/stylemotions.com\\\/#\\\/schema\\\/logo\\\/image\\\/\"}}]}<\/script>\n<!-- \/ Yoast SEO plugin. -->","yoast_head_json":{"title":"Servicios","robots":{"index":"index","follow":"follow","max-snippet":"max-snippet:-1","max-image-preview":"max-image-preview:large","max-video-preview":"max-video-preview:-1"},"canonical":"https:\/\/stylemotions.com\/es\/leistungen\/","og_locale":"es_ES","og_type":"article","og_title":"[:de]Leistungen[:es]Servicios[:en]Service[:] - stylemotions | mediadesign","og_description":"Nuestro portafolio de servicios es muy amplio pero nos centramos especialmente en&nbsp;dise\u00f1o&nbsp;para&nbsp;medios digitales,&nbsp;animaci\u00f3n&nbsp;y&nbsp;c\u00f3mics.","og_url":"https:\/\/stylemotions.com\/es\/leistungen\/","og_site_name":"stylemotions | mediadesign","article_modified_time":"2022-10-24T23:57:29+00:00","og_image":[{"width":1400,"height":500,"url":"https:\/\/stylemotions.com\/wp-content\/uploads\/2022\/08\/Kommunikation-Mallorca.jpg","type":"image\/jpeg"}],"twitter_card":"summary_large_image","twitter_misc":{"Tiempo de lectura":"1 minuto"},"schema":{"@context":"https:\/\/schema.org","@graph":[{"@type":"WebPage","@id":"https:\/\/stylemotions.com\/leistungen\/","url":"https:\/\/stylemotions.com\/leistungen\/","name":"Servicios","isPartOf":{"@id":"https:\/\/stylemotions.com\/#website"},"primaryImageOfPage":{"@id":"https:\/\/stylemotions.com\/leistungen\/#primaryimage"},"image":{"@id":"https:\/\/stylemotions.com\/leistungen\/#primaryimage"},"thumbnailUrl":"https:\/\/stylemotions.com\/wp-content\/uploads\/2022\/08\/Kommunikation-Mallorca.jpg","datePublished":"2022-10-02T12:42:28+00:00","dateModified":"2022-10-24T23:57:29+00:00","breadcrumb":{"@id":"https:\/\/stylemotions.com\/leistungen\/#breadcrumb"},"inLanguage":"es-ES","potentialAction":[{"@type":"ReadAction","target":["https:\/\/stylemotions.com\/leistungen\/"]}]},{"@type":"ImageObject","inLanguage":"es-ES","@id":"https:\/\/stylemotions.com\/leistungen\/#primaryimage","url":"https:\/\/stylemotions.com\/wp-content\/uploads\/2022\/08\/Kommunikation-Mallorca.jpg","contentUrl":"https:\/\/stylemotions.com\/wp-content\/uploads\/2022\/08\/Kommunikation-Mallorca.jpg","width":1400,"height":500},{"@type":"BreadcrumbList","@id":"https:\/\/stylemotions.com\/leistungen\/#breadcrumb","itemListElement":[{"@type":"ListItem","position":1,"name":"Start","item":"https:\/\/stylemotions.com\/"},{"@type":"ListItem","position":2,"name":"Leistungen"}]},{"@type":"WebSite","@id":"https:\/\/stylemotions.com\/#website","url":"https:\/\/stylemotions.com\/","name":"stylemotions | mediadesign","description":"Digital- &amp; Printmedien","publisher":{"@id":"https:\/\/stylemotions.com\/#organization"},"potentialAction":[{"@type":"SearchAction","target":{"@type":"EntryPoint","urlTemplate":"https:\/\/stylemotions.com\/?s={search_term_string}"},"query-input":{"@type":"PropertyValueSpecification","valueRequired":true,"valueName":"search_term_string"}}],"inLanguage":"es-ES"},{"@type":"Organization","@id":"https:\/\/stylemotions.com\/#organization","name":"stylemotions | mediadesign","url":"https:\/\/stylemotions.com\/","logo":{"@type":"ImageObject","inLanguage":"es-ES","@id":"https:\/\/stylemotions.com\/#\/schema\/logo\/image\/","url":"https:\/\/stylemotions.com\/wp-content\/uploads\/2022\/08\/stylemotions_favicon.png","contentUrl":"https:\/\/stylemotions.com\/wp-content\/uploads\/2022\/08\/stylemotions_favicon.png","width":250,"height":250,"caption":"stylemotions | mediadesign"},"image":{"@id":"https:\/\/stylemotions.com\/#\/schema\/logo\/image\/"}}]}},"_links":{"self":[{"href":"https:\/\/stylemotions.com\/es\/wp-json\/wp\/v2\/pages\/465","targetHints":{"allow":["GET"]}}],"collection":[{"href":"https:\/\/stylemotions.com\/es\/wp-json\/wp\/v2\/pages"}],"about":[{"href":"https:\/\/stylemotions.com\/es\/wp-json\/wp\/v2\/types\/page"}],"author":[{"embeddable":true,"href":"https:\/\/stylemotions.com\/es\/wp-json\/wp\/v2\/users\/1"}],"replies":[{"embeddable":true,"href":"https:\/\/stylemotions.com\/es\/wp-json\/wp\/v2\/comments?post=465"}],"version-history":[{"count":30,"href":"https:\/\/stylemotions.com\/es\/wp-json\/wp\/v2\/pages\/465\/revisions"}],"predecessor-version":[{"id":1303,"href":"https:\/\/stylemotions.com\/es\/wp-json\/wp\/v2\/pages\/465\/revisions\/1303"}],"wp:featuredmedia":[{"embeddable":true,"href":"https:\/\/stylemotions.com\/es\/wp-json\/wp\/v2\/media\/115"}],"wp:attachment":[{"href":"https:\/\/stylemotions.com\/es\/wp-json\/wp\/v2\/media?parent=465"}],"curies":[{"name":"wp","href":"https:\/\/api.w.org\/{rel}","templated":true}]}}