{"id":469,"date":"2022-10-02T14:45:56","date_gmt":"2022-10-02T12:45:56","guid":{"rendered":"https:\/\/stylemotions.com\/?page_id=469"},"modified":"2022-10-11T13:15:17","modified_gmt":"2022-10-11T11:15:17","slug":"beratung-konzeption","status":"publish","type":"page","link":"https:\/\/stylemotions.com\/es\/leistungen\/beratung-konzeption\/","title":{"rendered":"Asesor\u00eda y Concepci\u00f3n"},"content":{"rendered":"\n<div class=\"wp-block-columns is-layout-flex wp-container-core-columns-is-layout-9d6595d7 wp-block-columns-is-layout-flex\">\n<div class=\"wp-block-column is-layout-flow wp-block-column-is-layout-flow\">\n<p>La concepci\u00f3n es un proceso continuo y abarca toda la fase de trabajo conceptual.<\/p>\n\n\n\n<p>Nos hacemos cargo de sus necesidades y de las de su empresa en lo que se refiere a concepci\u00f3n.<br>\u00bfUsted tiene una idea que quiere desarrollar pero no sabe exactamente c\u00f3mo ponerla en pr\u00e1ctica?<\/p>\n\n\n\n<p>Recopilamos la informaci\u00f3n que su empresa nos env\u00eda, nos familiarizamos con ella y desarrollamos para su empresa un concepto\/un plan con un principio gu\u00eda para que su empresa llegue a la audiencia deseada.<\/p>\n<\/div>\n\n\n\n<div class=\"wp-block-column is-layout-flow wp-block-column-is-layout-flow\">\n<figure class=\"wp-block-image size-large\"><img fetchpriority=\"high\" decoding=\"async\" width=\"1024\" height=\"475\" src=\"https:\/\/stylemotions.com\/wp-content\/uploads\/2022\/10\/Beratung-Konzept_V2_1400x650px-1024x475.jpg\" alt=\"Beratung &#038; Konzeption\" class=\"wp-image-995\" srcset=\"https:\/\/stylemotions.com\/wp-content\/uploads\/2022\/10\/Beratung-Konzept_V2_1400x650px-1024x475.jpg 1024w, https:\/\/stylemotions.com\/wp-content\/uploads\/2022\/10\/Beratung-Konzept_V2_1400x650px-300x139.jpg 300w, https:\/\/stylemotions.com\/wp-content\/uploads\/2022\/10\/Beratung-Konzept_V2_1400x650px-768x357.jpg 768w, https:\/\/stylemotions.com\/wp-content\/uploads\/2022\/10\/Beratung-Konzept_V2_1400x650px.jpg 1400w\" sizes=\"(max-width: 1024px) 100vw, 1024px\" \/><\/figure>\n<\/div>\n<\/div>\n","protected":false},"excerpt":{"rendered":"<p>La concepci\u00f3n es un proceso continuo y abarca toda la fase de trabajo conceptual. Nos hacemos cargo de sus necesidades y de las de su empresa en lo que se refiere a concepci\u00f3n.\u00bfUsted tiene una idea que quiere desarrollar pero no sabe exactamente c\u00f3mo ponerla en pr\u00e1ctica? Recopilamos la informaci\u00f3n que su empresa nos env\u00eda,&hellip;<\/p>\n","protected":false},"author":1,"featured_media":1110,"parent":465,"menu_order":0,"comment_status":"closed","ping_status":"closed","template":"","meta":{"footnotes":""},"class_list":["post-469","page","type-page","status-publish","has-post-thumbnail","hentry"],"yoast_head":"<!-- This site is optimized with the Yoast SEO plugin v27.3 - https:\/\/yoast.com\/product\/yoast-seo-wordpress\/ -->\n<title>Asesor\u00eda y Concepci\u00f3n<\/title>\n<meta name=\"robots\" content=\"index, follow, max-snippet:-1, max-image-preview:large, max-video-preview:-1\" \/>\n<link rel=\"canonical\" href=\"https:\/\/stylemotions.com\/es\/leistungen\/beratung-konzeption\/\" \/>\n<meta property=\"og:locale\" content=\"es_ES\" \/>\n<meta property=\"og:locale:alternate\" content=\"de_DE\" \/>\n<meta property=\"og:locale:alternate\" content=\"en_UK\" \/>\n<meta property=\"og:type\" content=\"article\" \/>\n<meta property=\"og:title\" content=\"Asesor\u00eda y Concepci\u00f3n\" \/>\n<meta property=\"og:description\" content=\"La concepci\u00f3n es un proceso continuo y abarca toda la fase de trabajo conceptual. Nos hacemos cargo de sus necesidades y de las de su empresa en lo que se refiere a concepci\u00f3n.\u00bfUsted tiene una idea que quiere desarrollar pero no sabe exactamente c\u00f3mo ponerla en pr\u00e1ctica? Recopilamos la informaci\u00f3n que su empresa nos env\u00eda,&hellip;\" \/>\n<meta property=\"og:url\" content=\"https:\/\/stylemotions.com\/es\/leistungen\/beratung-konzeption\/\" \/>\n<meta property=\"og:site_name\" content=\"stylemotions | mediadesign\" \/>\n<meta property=\"article:modified_time\" content=\"2022-10-11T11:15:17+00:00\" \/>\n<meta property=\"og:image\" content=\"https:\/\/stylemotions.com\/wp-content\/uploads\/2022\/10\/Beratung-Konzept_V1_1400x650px.jpg\" \/>\n\t<meta property=\"og:image:width\" content=\"1400\" \/>\n\t<meta property=\"og:image:height\" content=\"650\" \/>\n\t<meta property=\"og:image:type\" content=\"image\/jpeg\" \/>\n<meta name=\"twitter:card\" content=\"summary_large_image\" \/>\n<meta name=\"twitter:label1\" content=\"Tiempo de lectura\" \/>\n\t<meta name=\"twitter:data1\" content=\"1 minuto\" \/>\n<script type=\"application\/ld+json\" class=\"yoast-schema-graph\">{\"@context\":\"https:\\\/\\\/schema.org\",\"@graph\":[{\"@type\":\"WebPage\",\"@id\":\"https:\\\/\\\/stylemotions.com\\\/leistungen\\\/beratung-konzeption\\\/\",\"url\":\"https:\\\/\\\/stylemotions.com\\\/leistungen\\\/beratung-konzeption\\\/\",\"name\":\"Asesor\u00eda y Concepci\u00f3n\",\"isPartOf\":{\"@id\":\"https:\\\/\\\/stylemotions.com\\\/#website\"},\"primaryImageOfPage\":{\"@id\":\"https:\\\/\\\/stylemotions.com\\\/leistungen\\\/beratung-konzeption\\\/#primaryimage\"},\"image\":{\"@id\":\"https:\\\/\\\/stylemotions.com\\\/leistungen\\\/beratung-konzeption\\\/#primaryimage\"},\"thumbnailUrl\":\"https:\\\/\\\/stylemotions.com\\\/wp-content\\\/uploads\\\/2022\\\/10\\\/Beratung-Konzept_V1_1400x650px.jpg\",\"datePublished\":\"2022-10-02T12:45:56+00:00\",\"dateModified\":\"2022-10-11T11:15:17+00:00\",\"breadcrumb\":{\"@id\":\"https:\\\/\\\/stylemotions.com\\\/leistungen\\\/beratung-konzeption\\\/#breadcrumb\"},\"inLanguage\":\"es-ES\",\"potentialAction\":[{\"@type\":\"ReadAction\",\"target\":[\"https:\\\/\\\/stylemotions.com\\\/leistungen\\\/beratung-konzeption\\\/\"]}]},{\"@type\":\"ImageObject\",\"inLanguage\":\"es-ES\",\"@id\":\"https:\\\/\\\/stylemotions.com\\\/leistungen\\\/beratung-konzeption\\\/#primaryimage\",\"url\":\"https:\\\/\\\/stylemotions.com\\\/wp-content\\\/uploads\\\/2022\\\/10\\\/Beratung-Konzept_V1_1400x650px.jpg\",\"contentUrl\":\"https:\\\/\\\/stylemotions.com\\\/wp-content\\\/uploads\\\/2022\\\/10\\\/Beratung-Konzept_V1_1400x650px.jpg\",\"width\":1400,\"height\":650,\"caption\":\"Beratung & Konzeption\"},{\"@type\":\"BreadcrumbList\",\"@id\":\"https:\\\/\\\/stylemotions.com\\\/leistungen\\\/beratung-konzeption\\\/#breadcrumb\",\"itemListElement\":[{\"@type\":\"ListItem\",\"position\":1,\"name\":\"Start\",\"item\":\"https:\\\/\\\/stylemotions.com\\\/\"},{\"@type\":\"ListItem\",\"position\":2,\"name\":\"Leistungen\",\"item\":\"https:\\\/\\\/stylemotions.com\\\/leistungen\\\/\"},{\"@type\":\"ListItem\",\"position\":3,\"name\":\"Beratung &#038; Konzeption\"}]},{\"@type\":\"WebSite\",\"@id\":\"https:\\\/\\\/stylemotions.com\\\/#website\",\"url\":\"https:\\\/\\\/stylemotions.com\\\/\",\"name\":\"stylemotions | mediadesign\",\"description\":\"Digital- &amp; Printmedien\",\"publisher\":{\"@id\":\"https:\\\/\\\/stylemotions.com\\\/#organization\"},\"potentialAction\":[{\"@type\":\"SearchAction\",\"target\":{\"@type\":\"EntryPoint\",\"urlTemplate\":\"https:\\\/\\\/stylemotions.com\\\/?s={search_term_string}\"},\"query-input\":{\"@type\":\"PropertyValueSpecification\",\"valueRequired\":true,\"valueName\":\"search_term_string\"}}],\"inLanguage\":\"es-ES\"},{\"@type\":\"Organization\",\"@id\":\"https:\\\/\\\/stylemotions.com\\\/#organization\",\"name\":\"stylemotions | mediadesign\",\"url\":\"https:\\\/\\\/stylemotions.com\\\/\",\"logo\":{\"@type\":\"ImageObject\",\"inLanguage\":\"es-ES\",\"@id\":\"https:\\\/\\\/stylemotions.com\\\/#\\\/schema\\\/logo\\\/image\\\/\",\"url\":\"https:\\\/\\\/stylemotions.com\\\/wp-content\\\/uploads\\\/2022\\\/08\\\/stylemotions_favicon.png\",\"contentUrl\":\"https:\\\/\\\/stylemotions.com\\\/wp-content\\\/uploads\\\/2022\\\/08\\\/stylemotions_favicon.png\",\"width\":250,\"height\":250,\"caption\":\"stylemotions | mediadesign\"},\"image\":{\"@id\":\"https:\\\/\\\/stylemotions.com\\\/#\\\/schema\\\/logo\\\/image\\\/\"}}]}<\/script>\n<!-- \/ Yoast SEO plugin. -->","yoast_head_json":{"title":"Asesor\u00eda y Concepci\u00f3n","robots":{"index":"index","follow":"follow","max-snippet":"max-snippet:-1","max-image-preview":"max-image-preview:large","max-video-preview":"max-video-preview:-1"},"canonical":"https:\/\/stylemotions.com\/es\/leistungen\/beratung-konzeption\/","og_locale":"es_ES","og_type":"article","og_title":"[:de]Beratung & Konzeption[:es]Asesor\u00eda y Concepci\u00f3n[:en]Consulting & Concept[:] - stylemotions | mediadesign","og_description":"La concepci\u00f3n es un proceso continuo y abarca toda la fase de trabajo conceptual. Nos hacemos cargo de sus necesidades y de las de su empresa en lo que se refiere a concepci\u00f3n.\u00bfUsted tiene una idea que quiere desarrollar pero no sabe exactamente c\u00f3mo ponerla en pr\u00e1ctica? Recopilamos la informaci\u00f3n que su empresa nos env\u00eda,&hellip;","og_url":"https:\/\/stylemotions.com\/es\/leistungen\/beratung-konzeption\/","og_site_name":"stylemotions | mediadesign","article_modified_time":"2022-10-11T11:15:17+00:00","og_image":[{"width":1400,"height":650,"url":"https:\/\/stylemotions.com\/wp-content\/uploads\/2022\/10\/Beratung-Konzept_V1_1400x650px.jpg","type":"image\/jpeg"}],"twitter_card":"summary_large_image","twitter_misc":{"Tiempo de lectura":"1 minuto"},"schema":{"@context":"https:\/\/schema.org","@graph":[{"@type":"WebPage","@id":"https:\/\/stylemotions.com\/leistungen\/beratung-konzeption\/","url":"https:\/\/stylemotions.com\/leistungen\/beratung-konzeption\/","name":"Asesor\u00eda y Concepci\u00f3n","isPartOf":{"@id":"https:\/\/stylemotions.com\/#website"},"primaryImageOfPage":{"@id":"https:\/\/stylemotions.com\/leistungen\/beratung-konzeption\/#primaryimage"},"image":{"@id":"https:\/\/stylemotions.com\/leistungen\/beratung-konzeption\/#primaryimage"},"thumbnailUrl":"https:\/\/stylemotions.com\/wp-content\/uploads\/2022\/10\/Beratung-Konzept_V1_1400x650px.jpg","datePublished":"2022-10-02T12:45:56+00:00","dateModified":"2022-10-11T11:15:17+00:00","breadcrumb":{"@id":"https:\/\/stylemotions.com\/leistungen\/beratung-konzeption\/#breadcrumb"},"inLanguage":"es-ES","potentialAction":[{"@type":"ReadAction","target":["https:\/\/stylemotions.com\/leistungen\/beratung-konzeption\/"]}]},{"@type":"ImageObject","inLanguage":"es-ES","@id":"https:\/\/stylemotions.com\/leistungen\/beratung-konzeption\/#primaryimage","url":"https:\/\/stylemotions.com\/wp-content\/uploads\/2022\/10\/Beratung-Konzept_V1_1400x650px.jpg","contentUrl":"https:\/\/stylemotions.com\/wp-content\/uploads\/2022\/10\/Beratung-Konzept_V1_1400x650px.jpg","width":1400,"height":650,"caption":"Beratung & Konzeption"},{"@type":"BreadcrumbList","@id":"https:\/\/stylemotions.com\/leistungen\/beratung-konzeption\/#breadcrumb","itemListElement":[{"@type":"ListItem","position":1,"name":"Start","item":"https:\/\/stylemotions.com\/"},{"@type":"ListItem","position":2,"name":"Leistungen","item":"https:\/\/stylemotions.com\/leistungen\/"},{"@type":"ListItem","position":3,"name":"Beratung &#038; Konzeption"}]},{"@type":"WebSite","@id":"https:\/\/stylemotions.com\/#website","url":"https:\/\/stylemotions.com\/","name":"stylemotions | mediadesign","description":"Digital- &amp; Printmedien","publisher":{"@id":"https:\/\/stylemotions.com\/#organization"},"potentialAction":[{"@type":"SearchAction","target":{"@type":"EntryPoint","urlTemplate":"https:\/\/stylemotions.com\/?s={search_term_string}"},"query-input":{"@type":"PropertyValueSpecification","valueRequired":true,"valueName":"search_term_string"}}],"inLanguage":"es-ES"},{"@type":"Organization","@id":"https:\/\/stylemotions.com\/#organization","name":"stylemotions | mediadesign","url":"https:\/\/stylemotions.com\/","logo":{"@type":"ImageObject","inLanguage":"es-ES","@id":"https:\/\/stylemotions.com\/#\/schema\/logo\/image\/","url":"https:\/\/stylemotions.com\/wp-content\/uploads\/2022\/08\/stylemotions_favicon.png","contentUrl":"https:\/\/stylemotions.com\/wp-content\/uploads\/2022\/08\/stylemotions_favicon.png","width":250,"height":250,"caption":"stylemotions | mediadesign"},"image":{"@id":"https:\/\/stylemotions.com\/#\/schema\/logo\/image\/"}}]}},"_links":{"self":[{"href":"https:\/\/stylemotions.com\/es\/wp-json\/wp\/v2\/pages\/469","targetHints":{"allow":["GET"]}}],"collection":[{"href":"https:\/\/stylemotions.com\/es\/wp-json\/wp\/v2\/pages"}],"about":[{"href":"https:\/\/stylemotions.com\/es\/wp-json\/wp\/v2\/types\/page"}],"author":[{"embeddable":true,"href":"https:\/\/stylemotions.com\/es\/wp-json\/wp\/v2\/users\/1"}],"replies":[{"embeddable":true,"href":"https:\/\/stylemotions.com\/es\/wp-json\/wp\/v2\/comments?post=469"}],"version-history":[{"count":23,"href":"https:\/\/stylemotions.com\/es\/wp-json\/wp\/v2\/pages\/469\/revisions"}],"predecessor-version":[{"id":1130,"href":"https:\/\/stylemotions.com\/es\/wp-json\/wp\/v2\/pages\/469\/revisions\/1130"}],"up":[{"embeddable":true,"href":"https:\/\/stylemotions.com\/es\/wp-json\/wp\/v2\/pages\/465"}],"wp:featuredmedia":[{"embeddable":true,"href":"https:\/\/stylemotions.com\/es\/wp-json\/wp\/v2\/media\/1110"}],"wp:attachment":[{"href":"https:\/\/stylemotions.com\/es\/wp-json\/wp\/v2\/media?parent=469"}],"curies":[{"name":"wp","href":"https:\/\/api.w.org\/{rel}","templated":true}]}}