{"id":478,"date":"2022-10-02T23:19:56","date_gmt":"2022-10-02T21:19:56","guid":{"rendered":"https:\/\/stylemotions.com\/?page_id=478"},"modified":"2022-10-11T13:14:17","modified_gmt":"2022-10-11T11:14:17","slug":"logo-symbole-grafiken","status":"publish","type":"page","link":"https:\/\/stylemotions.com\/es\/leistungen\/logo-symbole-grafiken\/","title":{"rendered":"Logotipos \/ S\u00edmbolos y Gr\u00e1ficos"},"content":{"rendered":"\n<div class=\"wp-block-columns is-layout-flex wp-container-core-columns-is-layout-9d6595d7 wp-block-columns-is-layout-flex\">\n<div class=\"wp-block-column is-layout-flow wp-block-column-is-layout-flow\">\n<p>\u00bfTiene usted una idea o incluso un concepto para los que est\u00e1 buscando un logotipo \u00fanico?<br>\u00a1Nosotros creamos el logotipo ideal para su empresa!<\/p>\n\n\n\n<p>Creamos su logotipo en un gr\u00e1fico vectorial, por lo que lo podr\u00e1 utilizar en todas las \u00e1reas sin perder calidad.<br>Ya sea para el mundo digital (internet, presentaciones en pantalla, etc.) o para medios impresos (tarjetas de visita, carteles, folletos, etc.)<\/p>\n<\/div>\n\n\n\n<div class=\"wp-block-column is-layout-flow wp-block-column-is-layout-flow\">\n<figure class=\"wp-block-image size-medium\"><img fetchpriority=\"high\" decoding=\"async\" width=\"300\" height=\"300\" src=\"https:\/\/stylemotions.com\/wp-content\/uploads\/2022\/10\/Logo-Symbole-Grafiken-Zuendschloss-300x300.jpg\" alt=\"\" class=\"wp-image-1048\" srcset=\"https:\/\/stylemotions.com\/wp-content\/uploads\/2022\/10\/Logo-Symbole-Grafiken-Zuendschloss-300x300.jpg 300w, https:\/\/stylemotions.com\/wp-content\/uploads\/2022\/10\/Logo-Symbole-Grafiken-Zuendschloss-150x150.jpg 150w, https:\/\/stylemotions.com\/wp-content\/uploads\/2022\/10\/Logo-Symbole-Grafiken-Zuendschloss.jpg 400w\" sizes=\"(max-width: 300px) 100vw, 300px\" \/><\/figure>\n<\/div>\n<\/div>\n","protected":false},"excerpt":{"rendered":"<p>\u00bfTiene usted una idea o incluso un concepto para los que est\u00e1 buscando un logotipo \u00fanico?\u00a1Nosotros creamos el logotipo ideal para su empresa! Creamos su logotipo en un gr\u00e1fico vectorial, por lo que lo podr\u00e1 utilizar en todas las \u00e1reas sin perder calidad.Ya sea para el mundo digital (internet, presentaciones en pantalla, etc.) o para&hellip;<\/p>\n","protected":false},"author":1,"featured_media":1111,"parent":465,"menu_order":0,"comment_status":"closed","ping_status":"closed","template":"","meta":{"footnotes":""},"class_list":["post-478","page","type-page","status-publish","has-post-thumbnail","hentry"],"yoast_head":"<!-- This site is optimized with the Yoast SEO plugin v27.3 - https:\/\/yoast.com\/product\/yoast-seo-wordpress\/ -->\n<title>Logotipos \/ S\u00edmbolos y Gr\u00e1ficos<\/title>\n<meta name=\"robots\" content=\"index, follow, max-snippet:-1, max-image-preview:large, max-video-preview:-1\" \/>\n<link rel=\"canonical\" href=\"https:\/\/stylemotions.com\/es\/leistungen\/logo-symbole-grafiken\/\" \/>\n<meta property=\"og:locale\" content=\"es_ES\" \/>\n<meta property=\"og:locale:alternate\" content=\"de_DE\" \/>\n<meta property=\"og:locale:alternate\" content=\"en_UK\" \/>\n<meta property=\"og:type\" content=\"article\" \/>\n<meta property=\"og:title\" content=\"Logotipos \/ S\u00edmbolos y Gr\u00e1ficos\" \/>\n<meta property=\"og:description\" content=\"\u00bfTiene usted una idea o incluso un concepto para los que est\u00e1 buscando un logotipo \u00fanico?\u00a1Nosotros creamos el logotipo ideal para su empresa! Creamos su logotipo en un gr\u00e1fico vectorial, por lo que lo podr\u00e1 utilizar en todas las \u00e1reas sin perder calidad.Ya sea para el mundo digital (internet, presentaciones en pantalla, etc.) o para&hellip;\" \/>\n<meta property=\"og:url\" content=\"https:\/\/stylemotions.com\/es\/leistungen\/logo-symbole-grafiken\/\" \/>\n<meta property=\"og:site_name\" content=\"stylemotions | mediadesign\" \/>\n<meta property=\"article:modified_time\" content=\"2022-10-11T11:14:17+00:00\" \/>\n<meta property=\"og:image\" content=\"https:\/\/stylemotions.com\/wp-content\/uploads\/2022\/10\/Logo-Symbole-Grafiken_1400x650px-1.jpg\" \/>\n\t<meta property=\"og:image:width\" content=\"1400\" \/>\n\t<meta property=\"og:image:height\" content=\"650\" \/>\n\t<meta property=\"og:image:type\" content=\"image\/jpeg\" \/>\n<meta name=\"twitter:card\" content=\"summary_large_image\" \/>\n<meta name=\"twitter:label1\" content=\"Tiempo de lectura\" \/>\n\t<meta name=\"twitter:data1\" content=\"1 minuto\" \/>\n<script type=\"application\/ld+json\" class=\"yoast-schema-graph\">{\"@context\":\"https:\\\/\\\/schema.org\",\"@graph\":[{\"@type\":\"WebPage\",\"@id\":\"https:\\\/\\\/stylemotions.com\\\/leistungen\\\/logo-symbole-grafiken\\\/\",\"url\":\"https:\\\/\\\/stylemotions.com\\\/leistungen\\\/logo-symbole-grafiken\\\/\",\"name\":\"Logotipos \\\/ S\u00edmbolos y Gr\u00e1ficos\",\"isPartOf\":{\"@id\":\"https:\\\/\\\/stylemotions.com\\\/#website\"},\"primaryImageOfPage\":{\"@id\":\"https:\\\/\\\/stylemotions.com\\\/leistungen\\\/logo-symbole-grafiken\\\/#primaryimage\"},\"image\":{\"@id\":\"https:\\\/\\\/stylemotions.com\\\/leistungen\\\/logo-symbole-grafiken\\\/#primaryimage\"},\"thumbnailUrl\":\"https:\\\/\\\/stylemotions.com\\\/wp-content\\\/uploads\\\/2022\\\/10\\\/Logo-Symbole-Grafiken_1400x650px-1.jpg\",\"datePublished\":\"2022-10-02T21:19:56+00:00\",\"dateModified\":\"2022-10-11T11:14:17+00:00\",\"breadcrumb\":{\"@id\":\"https:\\\/\\\/stylemotions.com\\\/leistungen\\\/logo-symbole-grafiken\\\/#breadcrumb\"},\"inLanguage\":\"es-ES\",\"potentialAction\":[{\"@type\":\"ReadAction\",\"target\":[\"https:\\\/\\\/stylemotions.com\\\/leistungen\\\/logo-symbole-grafiken\\\/\"]}]},{\"@type\":\"ImageObject\",\"inLanguage\":\"es-ES\",\"@id\":\"https:\\\/\\\/stylemotions.com\\\/leistungen\\\/logo-symbole-grafiken\\\/#primaryimage\",\"url\":\"https:\\\/\\\/stylemotions.com\\\/wp-content\\\/uploads\\\/2022\\\/10\\\/Logo-Symbole-Grafiken_1400x650px-1.jpg\",\"contentUrl\":\"https:\\\/\\\/stylemotions.com\\\/wp-content\\\/uploads\\\/2022\\\/10\\\/Logo-Symbole-Grafiken_1400x650px-1.jpg\",\"width\":1400,\"height\":650,\"caption\":\"Logo \\\/ Symbole & Grafiken\"},{\"@type\":\"BreadcrumbList\",\"@id\":\"https:\\\/\\\/stylemotions.com\\\/leistungen\\\/logo-symbole-grafiken\\\/#breadcrumb\",\"itemListElement\":[{\"@type\":\"ListItem\",\"position\":1,\"name\":\"Start\",\"item\":\"https:\\\/\\\/stylemotions.com\\\/\"},{\"@type\":\"ListItem\",\"position\":2,\"name\":\"Leistungen\",\"item\":\"https:\\\/\\\/stylemotions.com\\\/leistungen\\\/\"},{\"@type\":\"ListItem\",\"position\":3,\"name\":\"Logo \\\/ Symbole &#038; Grafiken\"}]},{\"@type\":\"WebSite\",\"@id\":\"https:\\\/\\\/stylemotions.com\\\/#website\",\"url\":\"https:\\\/\\\/stylemotions.com\\\/\",\"name\":\"stylemotions | mediadesign\",\"description\":\"Digital- &amp; Printmedien\",\"publisher\":{\"@id\":\"https:\\\/\\\/stylemotions.com\\\/#organization\"},\"potentialAction\":[{\"@type\":\"SearchAction\",\"target\":{\"@type\":\"EntryPoint\",\"urlTemplate\":\"https:\\\/\\\/stylemotions.com\\\/?s={search_term_string}\"},\"query-input\":{\"@type\":\"PropertyValueSpecification\",\"valueRequired\":true,\"valueName\":\"search_term_string\"}}],\"inLanguage\":\"es-ES\"},{\"@type\":\"Organization\",\"@id\":\"https:\\\/\\\/stylemotions.com\\\/#organization\",\"name\":\"stylemotions | mediadesign\",\"url\":\"https:\\\/\\\/stylemotions.com\\\/\",\"logo\":{\"@type\":\"ImageObject\",\"inLanguage\":\"es-ES\",\"@id\":\"https:\\\/\\\/stylemotions.com\\\/#\\\/schema\\\/logo\\\/image\\\/\",\"url\":\"https:\\\/\\\/stylemotions.com\\\/wp-content\\\/uploads\\\/2022\\\/08\\\/stylemotions_favicon.png\",\"contentUrl\":\"https:\\\/\\\/stylemotions.com\\\/wp-content\\\/uploads\\\/2022\\\/08\\\/stylemotions_favicon.png\",\"width\":250,\"height\":250,\"caption\":\"stylemotions | mediadesign\"},\"image\":{\"@id\":\"https:\\\/\\\/stylemotions.com\\\/#\\\/schema\\\/logo\\\/image\\\/\"}}]}<\/script>\n<!-- \/ Yoast SEO plugin. -->","yoast_head_json":{"title":"Logotipos \/ S\u00edmbolos y Gr\u00e1ficos","robots":{"index":"index","follow":"follow","max-snippet":"max-snippet:-1","max-image-preview":"max-image-preview:large","max-video-preview":"max-video-preview:-1"},"canonical":"https:\/\/stylemotions.com\/es\/leistungen\/logo-symbole-grafiken\/","og_locale":"es_ES","og_type":"article","og_title":"[:de]Logo \/ Symbole & Grafiken[:es]Logotipos \/ S\u00edmbolos y Gr\u00e1ficos[:en]Logo \/ Symbols & Figures[:] - stylemotions | mediadesign","og_description":"\u00bfTiene usted una idea o incluso un concepto para los que est\u00e1 buscando un logotipo \u00fanico?\u00a1Nosotros creamos el logotipo ideal para su empresa! Creamos su logotipo en un gr\u00e1fico vectorial, por lo que lo podr\u00e1 utilizar en todas las \u00e1reas sin perder calidad.Ya sea para el mundo digital (internet, presentaciones en pantalla, etc.) o para&hellip;","og_url":"https:\/\/stylemotions.com\/es\/leistungen\/logo-symbole-grafiken\/","og_site_name":"stylemotions | mediadesign","article_modified_time":"2022-10-11T11:14:17+00:00","og_image":[{"width":1400,"height":650,"url":"https:\/\/stylemotions.com\/wp-content\/uploads\/2022\/10\/Logo-Symbole-Grafiken_1400x650px-1.jpg","type":"image\/jpeg"}],"twitter_card":"summary_large_image","twitter_misc":{"Tiempo de lectura":"1 minuto"},"schema":{"@context":"https:\/\/schema.org","@graph":[{"@type":"WebPage","@id":"https:\/\/stylemotions.com\/leistungen\/logo-symbole-grafiken\/","url":"https:\/\/stylemotions.com\/leistungen\/logo-symbole-grafiken\/","name":"Logotipos \/ S\u00edmbolos y Gr\u00e1ficos","isPartOf":{"@id":"https:\/\/stylemotions.com\/#website"},"primaryImageOfPage":{"@id":"https:\/\/stylemotions.com\/leistungen\/logo-symbole-grafiken\/#primaryimage"},"image":{"@id":"https:\/\/stylemotions.com\/leistungen\/logo-symbole-grafiken\/#primaryimage"},"thumbnailUrl":"https:\/\/stylemotions.com\/wp-content\/uploads\/2022\/10\/Logo-Symbole-Grafiken_1400x650px-1.jpg","datePublished":"2022-10-02T21:19:56+00:00","dateModified":"2022-10-11T11:14:17+00:00","breadcrumb":{"@id":"https:\/\/stylemotions.com\/leistungen\/logo-symbole-grafiken\/#breadcrumb"},"inLanguage":"es-ES","potentialAction":[{"@type":"ReadAction","target":["https:\/\/stylemotions.com\/leistungen\/logo-symbole-grafiken\/"]}]},{"@type":"ImageObject","inLanguage":"es-ES","@id":"https:\/\/stylemotions.com\/leistungen\/logo-symbole-grafiken\/#primaryimage","url":"https:\/\/stylemotions.com\/wp-content\/uploads\/2022\/10\/Logo-Symbole-Grafiken_1400x650px-1.jpg","contentUrl":"https:\/\/stylemotions.com\/wp-content\/uploads\/2022\/10\/Logo-Symbole-Grafiken_1400x650px-1.jpg","width":1400,"height":650,"caption":"Logo \/ Symbole & Grafiken"},{"@type":"BreadcrumbList","@id":"https:\/\/stylemotions.com\/leistungen\/logo-symbole-grafiken\/#breadcrumb","itemListElement":[{"@type":"ListItem","position":1,"name":"Start","item":"https:\/\/stylemotions.com\/"},{"@type":"ListItem","position":2,"name":"Leistungen","item":"https:\/\/stylemotions.com\/leistungen\/"},{"@type":"ListItem","position":3,"name":"Logo \/ Symbole &#038; Grafiken"}]},{"@type":"WebSite","@id":"https:\/\/stylemotions.com\/#website","url":"https:\/\/stylemotions.com\/","name":"stylemotions | mediadesign","description":"Digital- &amp; Printmedien","publisher":{"@id":"https:\/\/stylemotions.com\/#organization"},"potentialAction":[{"@type":"SearchAction","target":{"@type":"EntryPoint","urlTemplate":"https:\/\/stylemotions.com\/?s={search_term_string}"},"query-input":{"@type":"PropertyValueSpecification","valueRequired":true,"valueName":"search_term_string"}}],"inLanguage":"es-ES"},{"@type":"Organization","@id":"https:\/\/stylemotions.com\/#organization","name":"stylemotions | mediadesign","url":"https:\/\/stylemotions.com\/","logo":{"@type":"ImageObject","inLanguage":"es-ES","@id":"https:\/\/stylemotions.com\/#\/schema\/logo\/image\/","url":"https:\/\/stylemotions.com\/wp-content\/uploads\/2022\/08\/stylemotions_favicon.png","contentUrl":"https:\/\/stylemotions.com\/wp-content\/uploads\/2022\/08\/stylemotions_favicon.png","width":250,"height":250,"caption":"stylemotions | mediadesign"},"image":{"@id":"https:\/\/stylemotions.com\/#\/schema\/logo\/image\/"}}]}},"_links":{"self":[{"href":"https:\/\/stylemotions.com\/es\/wp-json\/wp\/v2\/pages\/478","targetHints":{"allow":["GET"]}}],"collection":[{"href":"https:\/\/stylemotions.com\/es\/wp-json\/wp\/v2\/pages"}],"about":[{"href":"https:\/\/stylemotions.com\/es\/wp-json\/wp\/v2\/types\/page"}],"author":[{"embeddable":true,"href":"https:\/\/stylemotions.com\/es\/wp-json\/wp\/v2\/users\/1"}],"replies":[{"embeddable":true,"href":"https:\/\/stylemotions.com\/es\/wp-json\/wp\/v2\/comments?post=478"}],"version-history":[{"count":20,"href":"https:\/\/stylemotions.com\/es\/wp-json\/wp\/v2\/pages\/478\/revisions"}],"predecessor-version":[{"id":1127,"href":"https:\/\/stylemotions.com\/es\/wp-json\/wp\/v2\/pages\/478\/revisions\/1127"}],"up":[{"embeddable":true,"href":"https:\/\/stylemotions.com\/es\/wp-json\/wp\/v2\/pages\/465"}],"wp:featuredmedia":[{"embeddable":true,"href":"https:\/\/stylemotions.com\/es\/wp-json\/wp\/v2\/media\/1111"}],"wp:attachment":[{"href":"https:\/\/stylemotions.com\/es\/wp-json\/wp\/v2\/media?parent=478"}],"curies":[{"name":"wp","href":"https:\/\/api.w.org\/{rel}","templated":true}]}}