{"id":487,"date":"2022-10-02T23:27:01","date_gmt":"2022-10-02T21:27:01","guid":{"rendered":"https:\/\/stylemotions.com\/?page_id=487"},"modified":"2025-04-26T15:43:30","modified_gmt":"2025-04-26T13:43:30","slug":"design-druckvorlagen","status":"publish","type":"page","link":"https:\/\/stylemotions.com\/es\/leistungen\/design-druckvorlagen\/","title":{"rendered":"Dise\u00f1o de Impresi\u00f3n"},"content":{"rendered":"\n<div class=\"wp-block-columns is-layout-flex wp-container-core-columns-is-layout-9d6595d7 wp-block-columns-is-layout-flex\">\n<div class=\"wp-block-column is-layout-flow wp-block-column-is-layout-flow\">\n<p>\u00bfNecesita su empresa un dise\u00f1o para tarjetas de visita, prospectos, folletos, carteles u otros medios impresos?<\/p>\n\n\n\n<p>Creamos las plantillas de impresi\u00f3n para su empresa.<\/p>\n<\/div>\n\n\n\n<div class=\"wp-block-column is-layout-flow wp-block-column-is-layout-flow\">\n<figure class=\"wp-block-image size-full\"><img fetchpriority=\"high\" decoding=\"async\" width=\"300\" height=\"212\" src=\"https:\/\/stylemotions.com\/wp-content\/uploads\/2022\/10\/Visitenkarten-mit-Style.png\" alt=\"Visitenkarten mit Style\" class=\"wp-image-824\"\/><\/figure>\n<\/div>\n<\/div>\n\n\n\n<div style=\"height:50px\" aria-hidden=\"true\" class=\"wp-block-spacer\"><\/div>\n\n\n\n<p><strong>\u00bfQu\u00e9 es una \u00abplantilla de impresi\u00f3n\u00bb?<\/strong><\/p>\n\n\n\n<p>Una plantilla de impresi\u00f3n es un archivo o documento acabado que se ha preparado de tal manera que puede utilizarse directamente para imprimir, sin tener que cambiar ni adaptar nada.<\/p>\n\n\n\n<p>Caracter\u00edsticas t\u00edpicas de una plantilla de impresi\u00f3n:<\/p>\n\n\n\n<ul class=\"wp-block-list\">\n<li>Dimensiones correctas (por ejemplo, formato final m\u00e1s sangrado)<\/li>\n\n\n\n<li>Alta resoluci\u00f3n (normalmente 300 ppp para im\u00e1genes)<\/li>\n\n\n\n<li>Perfiles de color correctos (por ejemplo, CMYK en lugar de RGB)<\/li>\n\n\n\n<li>Fuentes incrustadas o fuentes convertidas en trazados<\/li>\n\n\n\n<li>M\u00e1rgenes de seguridad (elementos importantes no demasiado cerca del borde)<\/li>\n\n\n\n<li>Sin formatos de archivo abiertos (normalmente PDF\/X)<\/li>\n<\/ul>\n","protected":false},"excerpt":{"rendered":"<p>\u00bfNecesita su empresa un dise\u00f1o para tarjetas de visita, prospectos, folletos, carteles u otros medios impresos? Creamos las plantillas de impresi\u00f3n para su empresa. \u00bfQu\u00e9 es una \u00abplantilla de impresi\u00f3n\u00bb? Una plantilla de impresi\u00f3n es un archivo o documento acabado que se ha preparado de tal manera que puede utilizarse directamente para imprimir, sin tener&hellip;<\/p>\n","protected":false},"author":1,"featured_media":895,"parent":465,"menu_order":0,"comment_status":"closed","ping_status":"closed","template":"","meta":{"footnotes":""},"class_list":["post-487","page","type-page","status-publish","has-post-thumbnail","hentry"],"yoast_head":"<!-- This site is optimized with the Yoast SEO plugin v27.3 - https:\/\/yoast.com\/product\/yoast-seo-wordpress\/ -->\n<title>Dise\u00f1o de Impresi\u00f3n<\/title>\n<meta name=\"robots\" content=\"index, follow, max-snippet:-1, max-image-preview:large, max-video-preview:-1\" \/>\n<link rel=\"canonical\" href=\"https:\/\/stylemotions.com\/es\/leistungen\/design-druckvorlagen\/\" \/>\n<meta property=\"og:locale\" content=\"es_ES\" \/>\n<meta property=\"og:locale:alternate\" content=\"de_DE\" \/>\n<meta property=\"og:locale:alternate\" content=\"en_UK\" \/>\n<meta property=\"og:type\" content=\"article\" \/>\n<meta property=\"og:title\" content=\"Dise\u00f1o de Impresi\u00f3n\" \/>\n<meta property=\"og:description\" content=\"\u00bfNecesita su empresa un dise\u00f1o para tarjetas de visita, prospectos, folletos, carteles u otros medios impresos? Creamos las plantillas de impresi\u00f3n para su empresa. \u00bfQu\u00e9 es una \u00abplantilla de impresi\u00f3n\u00bb? Una plantilla de impresi\u00f3n es un archivo o documento acabado que se ha preparado de tal manera que puede utilizarse directamente para imprimir, sin tener&hellip;\" \/>\n<meta property=\"og:url\" content=\"https:\/\/stylemotions.com\/es\/leistungen\/design-druckvorlagen\/\" \/>\n<meta property=\"og:site_name\" content=\"stylemotions | mediadesign\" \/>\n<meta property=\"article:modified_time\" content=\"2025-04-26T13:43:30+00:00\" \/>\n<meta property=\"og:image\" content=\"https:\/\/stylemotions.com\/wp-content\/uploads\/2022\/10\/Design-Druckvorlagen_1400x650px.jpg\" \/>\n\t<meta property=\"og:image:width\" content=\"1400\" \/>\n\t<meta property=\"og:image:height\" content=\"650\" \/>\n\t<meta property=\"og:image:type\" content=\"image\/jpeg\" \/>\n<meta name=\"twitter:card\" content=\"summary_large_image\" \/>\n<meta name=\"twitter:label1\" content=\"Tiempo de lectura\" \/>\n\t<meta name=\"twitter:data1\" content=\"2 minutos\" \/>\n<script type=\"application\/ld+json\" class=\"yoast-schema-graph\">{\"@context\":\"https:\\\/\\\/schema.org\",\"@graph\":[{\"@type\":\"WebPage\",\"@id\":\"https:\\\/\\\/stylemotions.com\\\/leistungen\\\/design-druckvorlagen\\\/\",\"url\":\"https:\\\/\\\/stylemotions.com\\\/leistungen\\\/design-druckvorlagen\\\/\",\"name\":\"Dise\u00f1o de Impresi\u00f3n\",\"isPartOf\":{\"@id\":\"https:\\\/\\\/stylemotions.com\\\/#website\"},\"primaryImageOfPage\":{\"@id\":\"https:\\\/\\\/stylemotions.com\\\/leistungen\\\/design-druckvorlagen\\\/#primaryimage\"},\"image\":{\"@id\":\"https:\\\/\\\/stylemotions.com\\\/leistungen\\\/design-druckvorlagen\\\/#primaryimage\"},\"thumbnailUrl\":\"https:\\\/\\\/stylemotions.com\\\/wp-content\\\/uploads\\\/2022\\\/10\\\/Design-Druckvorlagen_1400x650px.jpg\",\"datePublished\":\"2022-10-02T21:27:01+00:00\",\"dateModified\":\"2025-04-26T13:43:30+00:00\",\"breadcrumb\":{\"@id\":\"https:\\\/\\\/stylemotions.com\\\/leistungen\\\/design-druckvorlagen\\\/#breadcrumb\"},\"inLanguage\":\"es-ES\",\"potentialAction\":[{\"@type\":\"ReadAction\",\"target\":[\"https:\\\/\\\/stylemotions.com\\\/leistungen\\\/design-druckvorlagen\\\/\"]}]},{\"@type\":\"ImageObject\",\"inLanguage\":\"es-ES\",\"@id\":\"https:\\\/\\\/stylemotions.com\\\/leistungen\\\/design-druckvorlagen\\\/#primaryimage\",\"url\":\"https:\\\/\\\/stylemotions.com\\\/wp-content\\\/uploads\\\/2022\\\/10\\\/Design-Druckvorlagen_1400x650px.jpg\",\"contentUrl\":\"https:\\\/\\\/stylemotions.com\\\/wp-content\\\/uploads\\\/2022\\\/10\\\/Design-Druckvorlagen_1400x650px.jpg\",\"width\":1400,\"height\":650,\"caption\":\"Design Druckvorlagen\"},{\"@type\":\"BreadcrumbList\",\"@id\":\"https:\\\/\\\/stylemotions.com\\\/leistungen\\\/design-druckvorlagen\\\/#breadcrumb\",\"itemListElement\":[{\"@type\":\"ListItem\",\"position\":1,\"name\":\"Start\",\"item\":\"https:\\\/\\\/stylemotions.com\\\/\"},{\"@type\":\"ListItem\",\"position\":2,\"name\":\"Leistungen\",\"item\":\"https:\\\/\\\/stylemotions.com\\\/leistungen\\\/\"},{\"@type\":\"ListItem\",\"position\":3,\"name\":\"Design-Druckvorlagen\"}]},{\"@type\":\"WebSite\",\"@id\":\"https:\\\/\\\/stylemotions.com\\\/#website\",\"url\":\"https:\\\/\\\/stylemotions.com\\\/\",\"name\":\"stylemotions | mediadesign\",\"description\":\"Digital- &amp; Printmedien\",\"publisher\":{\"@id\":\"https:\\\/\\\/stylemotions.com\\\/#organization\"},\"potentialAction\":[{\"@type\":\"SearchAction\",\"target\":{\"@type\":\"EntryPoint\",\"urlTemplate\":\"https:\\\/\\\/stylemotions.com\\\/?s={search_term_string}\"},\"query-input\":{\"@type\":\"PropertyValueSpecification\",\"valueRequired\":true,\"valueName\":\"search_term_string\"}}],\"inLanguage\":\"es-ES\"},{\"@type\":\"Organization\",\"@id\":\"https:\\\/\\\/stylemotions.com\\\/#organization\",\"name\":\"stylemotions | mediadesign\",\"url\":\"https:\\\/\\\/stylemotions.com\\\/\",\"logo\":{\"@type\":\"ImageObject\",\"inLanguage\":\"es-ES\",\"@id\":\"https:\\\/\\\/stylemotions.com\\\/#\\\/schema\\\/logo\\\/image\\\/\",\"url\":\"https:\\\/\\\/stylemotions.com\\\/wp-content\\\/uploads\\\/2022\\\/08\\\/stylemotions_favicon.png\",\"contentUrl\":\"https:\\\/\\\/stylemotions.com\\\/wp-content\\\/uploads\\\/2022\\\/08\\\/stylemotions_favicon.png\",\"width\":250,\"height\":250,\"caption\":\"stylemotions | mediadesign\"},\"image\":{\"@id\":\"https:\\\/\\\/stylemotions.com\\\/#\\\/schema\\\/logo\\\/image\\\/\"}}]}<\/script>\n<!-- \/ Yoast SEO plugin. -->","yoast_head_json":{"title":"Dise\u00f1o de Impresi\u00f3n","robots":{"index":"index","follow":"follow","max-snippet":"max-snippet:-1","max-image-preview":"max-image-preview:large","max-video-preview":"max-video-preview:-1"},"canonical":"https:\/\/stylemotions.com\/es\/leistungen\/design-druckvorlagen\/","og_locale":"es_ES","og_type":"article","og_title":"[:de]Design-Druckvorlagen[:es]Dise\u00f1o de Impresi\u00f3n[:en]Design Print Templates[:] - stylemotions | mediadesign","og_description":"\u00bfNecesita su empresa un dise\u00f1o para tarjetas de visita, prospectos, folletos, carteles u otros medios impresos? Creamos las plantillas de impresi\u00f3n para su empresa. \u00bfQu\u00e9 es una \u00abplantilla de impresi\u00f3n\u00bb? Una plantilla de impresi\u00f3n es un archivo o documento acabado que se ha preparado de tal manera que puede utilizarse directamente para imprimir, sin tener&hellip;","og_url":"https:\/\/stylemotions.com\/es\/leistungen\/design-druckvorlagen\/","og_site_name":"stylemotions | mediadesign","article_modified_time":"2025-04-26T13:43:30+00:00","og_image":[{"width":1400,"height":650,"url":"https:\/\/stylemotions.com\/wp-content\/uploads\/2022\/10\/Design-Druckvorlagen_1400x650px.jpg","type":"image\/jpeg"}],"twitter_card":"summary_large_image","twitter_misc":{"Tiempo de lectura":"2 minutos"},"schema":{"@context":"https:\/\/schema.org","@graph":[{"@type":"WebPage","@id":"https:\/\/stylemotions.com\/leistungen\/design-druckvorlagen\/","url":"https:\/\/stylemotions.com\/leistungen\/design-druckvorlagen\/","name":"Dise\u00f1o de Impresi\u00f3n","isPartOf":{"@id":"https:\/\/stylemotions.com\/#website"},"primaryImageOfPage":{"@id":"https:\/\/stylemotions.com\/leistungen\/design-druckvorlagen\/#primaryimage"},"image":{"@id":"https:\/\/stylemotions.com\/leistungen\/design-druckvorlagen\/#primaryimage"},"thumbnailUrl":"https:\/\/stylemotions.com\/wp-content\/uploads\/2022\/10\/Design-Druckvorlagen_1400x650px.jpg","datePublished":"2022-10-02T21:27:01+00:00","dateModified":"2025-04-26T13:43:30+00:00","breadcrumb":{"@id":"https:\/\/stylemotions.com\/leistungen\/design-druckvorlagen\/#breadcrumb"},"inLanguage":"es-ES","potentialAction":[{"@type":"ReadAction","target":["https:\/\/stylemotions.com\/leistungen\/design-druckvorlagen\/"]}]},{"@type":"ImageObject","inLanguage":"es-ES","@id":"https:\/\/stylemotions.com\/leistungen\/design-druckvorlagen\/#primaryimage","url":"https:\/\/stylemotions.com\/wp-content\/uploads\/2022\/10\/Design-Druckvorlagen_1400x650px.jpg","contentUrl":"https:\/\/stylemotions.com\/wp-content\/uploads\/2022\/10\/Design-Druckvorlagen_1400x650px.jpg","width":1400,"height":650,"caption":"Design Druckvorlagen"},{"@type":"BreadcrumbList","@id":"https:\/\/stylemotions.com\/leistungen\/design-druckvorlagen\/#breadcrumb","itemListElement":[{"@type":"ListItem","position":1,"name":"Start","item":"https:\/\/stylemotions.com\/"},{"@type":"ListItem","position":2,"name":"Leistungen","item":"https:\/\/stylemotions.com\/leistungen\/"},{"@type":"ListItem","position":3,"name":"Design-Druckvorlagen"}]},{"@type":"WebSite","@id":"https:\/\/stylemotions.com\/#website","url":"https:\/\/stylemotions.com\/","name":"stylemotions | mediadesign","description":"Digital- &amp; Printmedien","publisher":{"@id":"https:\/\/stylemotions.com\/#organization"},"potentialAction":[{"@type":"SearchAction","target":{"@type":"EntryPoint","urlTemplate":"https:\/\/stylemotions.com\/?s={search_term_string}"},"query-input":{"@type":"PropertyValueSpecification","valueRequired":true,"valueName":"search_term_string"}}],"inLanguage":"es-ES"},{"@type":"Organization","@id":"https:\/\/stylemotions.com\/#organization","name":"stylemotions | mediadesign","url":"https:\/\/stylemotions.com\/","logo":{"@type":"ImageObject","inLanguage":"es-ES","@id":"https:\/\/stylemotions.com\/#\/schema\/logo\/image\/","url":"https:\/\/stylemotions.com\/wp-content\/uploads\/2022\/08\/stylemotions_favicon.png","contentUrl":"https:\/\/stylemotions.com\/wp-content\/uploads\/2022\/08\/stylemotions_favicon.png","width":250,"height":250,"caption":"stylemotions | mediadesign"},"image":{"@id":"https:\/\/stylemotions.com\/#\/schema\/logo\/image\/"}}]}},"_links":{"self":[{"href":"https:\/\/stylemotions.com\/es\/wp-json\/wp\/v2\/pages\/487","targetHints":{"allow":["GET"]}}],"collection":[{"href":"https:\/\/stylemotions.com\/es\/wp-json\/wp\/v2\/pages"}],"about":[{"href":"https:\/\/stylemotions.com\/es\/wp-json\/wp\/v2\/types\/page"}],"author":[{"embeddable":true,"href":"https:\/\/stylemotions.com\/es\/wp-json\/wp\/v2\/users\/1"}],"replies":[{"embeddable":true,"href":"https:\/\/stylemotions.com\/es\/wp-json\/wp\/v2\/comments?post=487"}],"version-history":[{"count":18,"href":"https:\/\/stylemotions.com\/es\/wp-json\/wp\/v2\/pages\/487\/revisions"}],"predecessor-version":[{"id":1455,"href":"https:\/\/stylemotions.com\/es\/wp-json\/wp\/v2\/pages\/487\/revisions\/1455"}],"up":[{"embeddable":true,"href":"https:\/\/stylemotions.com\/es\/wp-json\/wp\/v2\/pages\/465"}],"wp:featuredmedia":[{"embeddable":true,"href":"https:\/\/stylemotions.com\/es\/wp-json\/wp\/v2\/media\/895"}],"wp:attachment":[{"href":"https:\/\/stylemotions.com\/es\/wp-json\/wp\/v2\/media?parent=487"}],"curies":[{"name":"wp","href":"https:\/\/api.w.org\/{rel}","templated":true}]}}