{"id":494,"date":"2022-10-02T23:32:22","date_gmt":"2022-10-02T21:32:22","guid":{"rendered":"https:\/\/stylemotions.com\/?page_id=494"},"modified":"2022-10-25T01:25:21","modified_gmt":"2022-10-24T23:25:21","slug":"webdesign","status":"publish","type":"page","link":"https:\/\/stylemotions.com\/es\/leistungen\/webdesign\/","title":{"rendered":"Dise\u00f1o de p\u00e1ginas web"},"content":{"rendered":"\n<div class=\"wp-block-columns is-layout-flex wp-container-core-columns-is-layout-9d6595d7 wp-block-columns-is-layout-flex\">\n<div class=\"wp-block-column is-layout-flow wp-block-column-is-layout-flow\">\n<p>Wir versch\u00f6nern Ihre Internetpr\u00e4senz und geben Ihrer Website ein neues Gesicht!<\/p>\n\n\n\n<ul class=\"wp-block-list\"><li>Ihr Unternehmen ben\u00f6tigt eine Internetpr\u00e4senz?<\/li><li>Ihre bestehende Internetpr\u00e4senz braucht einen \u201cFacelift\u201d? \u2013 Ein moderneres Design \/ Redesign?<\/li><li>Sie haben ganz individuelle W\u00fcnsche bzgl. Ihrer Website \/ Internetpr\u00e4senz?<\/li><\/ul>\n\n\n\n<p>Wir beraten Sie gerne!<\/p>\n<\/div>\n\n\n\n<div class=\"wp-block-column is-layout-flow wp-block-column-is-layout-flow\">\n<figure class=\"wp-block-image size-medium\"><img fetchpriority=\"high\" decoding=\"async\" width=\"212\" height=\"300\" src=\"https:\/\/stylemotions.com\/wp-content\/uploads\/2022\/10\/Webdesign-Web-Design-Deutschland_Handy-212x300.png\" alt=\"\" class=\"wp-image-1245\" srcset=\"https:\/\/stylemotions.com\/wp-content\/uploads\/2022\/10\/Webdesign-Web-Design-Deutschland_Handy-212x300.png 212w, https:\/\/stylemotions.com\/wp-content\/uploads\/2022\/10\/Webdesign-Web-Design-Deutschland_Handy.png 581w\" sizes=\"(max-width: 212px) 100vw, 212px\" \/><\/figure>\n<\/div>\n<\/div>\n\n\n\n<h3 class=\"has-black-color has-text-color wp-block-heading\">Beispiele CMS (Content Management System)<\/h3>\n\n\n\n<div class=\"wp-block-columns is-layout-flex wp-container-core-columns-is-layout-9d6595d7 wp-block-columns-is-layout-flex\">\n<div class=\"wp-block-column is-layout-flow wp-block-column-is-layout-flow\">\n<figure class=\"wp-block-image size-full\"><img decoding=\"async\" width=\"931\" height=\"585\" src=\"https:\/\/stylemotions.com\/wp-content\/uploads\/2022\/10\/Webdesign-Web-Design-Mallorca_Safari-Zoo.png\" alt=\"\" class=\"wp-image-1210\" srcset=\"https:\/\/stylemotions.com\/wp-content\/uploads\/2022\/10\/Webdesign-Web-Design-Mallorca_Safari-Zoo.png 931w, https:\/\/stylemotions.com\/wp-content\/uploads\/2022\/10\/Webdesign-Web-Design-Mallorca_Safari-Zoo-300x189.png 300w, https:\/\/stylemotions.com\/wp-content\/uploads\/2022\/10\/Webdesign-Web-Design-Mallorca_Safari-Zoo-768x483.png 768w\" sizes=\"(max-width: 931px) 100vw, 931px\" \/><\/figure>\n\n\n\n<p class=\"has-text-align-center\"><a rel=\"noreferrer noopener\" href=\"https:\/\/safari-zoo.com\/\" target=\"_blank\">safari-zoo.com<\/a><\/p>\n<\/div>\n\n\n\n<div class=\"wp-block-column is-layout-flow wp-block-column-is-layout-flow\">\n<figure class=\"wp-block-image size-full\"><img decoding=\"async\" width=\"931\" height=\"585\" src=\"https:\/\/stylemotions.com\/wp-content\/uploads\/2022\/10\/Webdesign-Web-Design-Mallorca_Eden-Mallorca.png\" alt=\"\" class=\"wp-image-1208\" srcset=\"https:\/\/stylemotions.com\/wp-content\/uploads\/2022\/10\/Webdesign-Web-Design-Mallorca_Eden-Mallorca.png 931w, https:\/\/stylemotions.com\/wp-content\/uploads\/2022\/10\/Webdesign-Web-Design-Mallorca_Eden-Mallorca-300x189.png 300w, https:\/\/stylemotions.com\/wp-content\/uploads\/2022\/10\/Webdesign-Web-Design-Mallorca_Eden-Mallorca-768x483.png 768w\" sizes=\"(max-width: 931px) 100vw, 931px\" \/><\/figure>\n\n\n\n<p class=\"has-text-align-center\"><a href=\"https:\/\/www.eden-mallorca.com\/\" target=\"_blank\" rel=\"noreferrer noopener\">eden-mallorca.com<\/a><\/p>\n<\/div>\n\n\n\n<div class=\"wp-block-column is-layout-flow wp-block-column-is-layout-flow\">\n<figure class=\"wp-block-image size-full\"><img loading=\"lazy\" decoding=\"async\" width=\"931\" height=\"585\" src=\"https:\/\/stylemotions.com\/wp-content\/uploads\/2022\/10\/Webdesign-Web-Design-Deutschland_Mantion.png\" alt=\"\" class=\"wp-image-1207\" srcset=\"https:\/\/stylemotions.com\/wp-content\/uploads\/2022\/10\/Webdesign-Web-Design-Deutschland_Mantion.png 931w, https:\/\/stylemotions.com\/wp-content\/uploads\/2022\/10\/Webdesign-Web-Design-Deutschland_Mantion-300x189.png 300w, https:\/\/stylemotions.com\/wp-content\/uploads\/2022\/10\/Webdesign-Web-Design-Deutschland_Mantion-768x483.png 768w\" sizes=\"(max-width: 931px) 100vw, 931px\" \/><\/figure>\n\n\n\n<p class=\"has-text-align-center\"><a rel=\"noreferrer noopener\" href=\"https:\/\/mantion.de\/\" target=\"_blank\">mantion.de<\/a><\/p>\n<\/div>\n<\/div>\n\n\n\n<div style=\"height:50px\" aria-hidden=\"true\" class=\"wp-block-spacer\"><\/div>\n\n\n\n<h3 class=\"has-black-color has-text-color wp-block-heading\">Beispiele individuell mit HTML \/ CSS \/ PHP<\/h3>\n\n\n\n<div class=\"wp-block-columns is-layout-flex wp-container-core-columns-is-layout-9d6595d7 wp-block-columns-is-layout-flex\">\n<div class=\"wp-block-column is-layout-flow wp-block-column-is-layout-flow\">\n<figure class=\"wp-block-image size-full\"><img loading=\"lazy\" decoding=\"async\" width=\"931\" height=\"585\" src=\"https:\/\/stylemotions.com\/wp-content\/uploads\/2022\/10\/Webdesign-Web-Design-Mallorca_Frankys-Pizzas.png\" alt=\"\" class=\"wp-image-1243\" srcset=\"https:\/\/stylemotions.com\/wp-content\/uploads\/2022\/10\/Webdesign-Web-Design-Mallorca_Frankys-Pizzas.png 931w, https:\/\/stylemotions.com\/wp-content\/uploads\/2022\/10\/Webdesign-Web-Design-Mallorca_Frankys-Pizzas-300x189.png 300w, https:\/\/stylemotions.com\/wp-content\/uploads\/2022\/10\/Webdesign-Web-Design-Mallorca_Frankys-Pizzas-768x483.png 768w\" sizes=\"(max-width: 931px) 100vw, 931px\" \/><\/figure>\n\n\n\n<p class=\"has-text-align-center\"><a href=\"https:\/\/frankys-pizzas.com\" target=\"_blank\" rel=\"noreferrer noopener\">frankys-pizzas.com<\/a><\/p>\n<\/div>\n\n\n\n<div class=\"wp-block-column is-layout-flow wp-block-column-is-layout-flow\">\n<figure class=\"wp-block-image size-full\"><img loading=\"lazy\" decoding=\"async\" width=\"931\" height=\"585\" src=\"https:\/\/stylemotions.com\/wp-content\/uploads\/2022\/10\/Webdesign-Web-Design-Deutschland_It-Zambo.png\" alt=\"\" class=\"wp-image-1247\" srcset=\"https:\/\/stylemotions.com\/wp-content\/uploads\/2022\/10\/Webdesign-Web-Design-Deutschland_It-Zambo.png 931w, https:\/\/stylemotions.com\/wp-content\/uploads\/2022\/10\/Webdesign-Web-Design-Deutschland_It-Zambo-300x189.png 300w, https:\/\/stylemotions.com\/wp-content\/uploads\/2022\/10\/Webdesign-Web-Design-Deutschland_It-Zambo-768x483.png 768w\" sizes=\"(max-width: 931px) 100vw, 931px\" \/><\/figure>\n\n\n\n<p class=\"has-text-align-center\"><a href=\"https:\/\/itzambo.de\" target=\"_blank\" rel=\"noreferrer noopener\">itzambo.de<\/a><\/p>\n<\/div>\n\n\n\n<div class=\"wp-block-column is-layout-flow wp-block-column-is-layout-flow\"><\/div>\n<\/div>\n","protected":false},"excerpt":{"rendered":"<p>Wir versch\u00f6nern Ihre Internetpr\u00e4senz und geben Ihrer Website ein neues Gesicht! Ihr Unternehmen ben\u00f6tigt eine Internetpr\u00e4senz? Ihre bestehende Internetpr\u00e4senz braucht einen \u201cFacelift\u201d? \u2013 Ein moderneres Design \/ Redesign? Sie haben ganz individuelle W\u00fcnsche bzgl. Ihrer Website \/ Internetpr\u00e4senz? Wir beraten Sie gerne! Beispiele CMS (Content Management System) safari-zoo.com eden-mallorca.com mantion.de Beispiele individuell mit HTML \/&hellip;<\/p>\n","protected":false},"author":1,"featured_media":842,"parent":465,"menu_order":0,"comment_status":"closed","ping_status":"closed","template":"","meta":{"footnotes":""},"class_list":["post-494","page","type-page","status-publish","has-post-thumbnail","hentry"],"yoast_head":"<!-- This site is optimized with the Yoast SEO plugin v27.3 - https:\/\/yoast.com\/product\/yoast-seo-wordpress\/ -->\n<title>Dise\u00f1o de p\u00e1ginas web<\/title>\n<meta name=\"robots\" content=\"index, follow, max-snippet:-1, max-image-preview:large, max-video-preview:-1\" \/>\n<link rel=\"canonical\" href=\"https:\/\/stylemotions.com\/es\/leistungen\/webdesign\/\" \/>\n<meta property=\"og:locale\" content=\"es_ES\" \/>\n<meta property=\"og:locale:alternate\" content=\"de_DE\" \/>\n<meta property=\"og:locale:alternate\" content=\"en_UK\" \/>\n<meta property=\"og:type\" content=\"article\" \/>\n<meta property=\"og:title\" content=\"Dise\u00f1o de p\u00e1ginas web\" \/>\n<meta property=\"og:description\" content=\"Wir versch\u00f6nern Ihre Internetpr\u00e4senz und geben Ihrer Website ein neues Gesicht! Ihr Unternehmen ben\u00f6tigt eine Internetpr\u00e4senz? Ihre bestehende Internetpr\u00e4senz braucht einen \u201cFacelift\u201d? \u2013 Ein moderneres Design \/ Redesign? Sie haben ganz individuelle W\u00fcnsche bzgl. Ihrer Website \/ Internetpr\u00e4senz? Wir beraten Sie gerne! Beispiele CMS (Content Management System) safari-zoo.com eden-mallorca.com mantion.de Beispiele individuell mit HTML \/&hellip;\" \/>\n<meta property=\"og:url\" content=\"https:\/\/stylemotions.com\/es\/leistungen\/webdesign\/\" \/>\n<meta property=\"og:site_name\" content=\"stylemotions | mediadesign\" \/>\n<meta property=\"article:modified_time\" content=\"2022-10-24T23:25:21+00:00\" \/>\n<meta property=\"og:image\" content=\"https:\/\/stylemotions.com\/wp-content\/uploads\/2022\/10\/webdesign-_V2_1400x650px.jpg\" \/>\n\t<meta property=\"og:image:width\" content=\"1400\" \/>\n\t<meta property=\"og:image:height\" content=\"650\" \/>\n\t<meta property=\"og:image:type\" content=\"image\/jpeg\" \/>\n<meta name=\"twitter:card\" content=\"summary_large_image\" \/>\n<meta name=\"twitter:label1\" content=\"Tiempo de lectura\" \/>\n\t<meta name=\"twitter:data1\" content=\"1 minuto\" \/>\n<script type=\"application\/ld+json\" class=\"yoast-schema-graph\">{\"@context\":\"https:\\\/\\\/schema.org\",\"@graph\":[{\"@type\":\"WebPage\",\"@id\":\"https:\\\/\\\/stylemotions.com\\\/leistungen\\\/webdesign\\\/\",\"url\":\"https:\\\/\\\/stylemotions.com\\\/leistungen\\\/webdesign\\\/\",\"name\":\"Dise\u00f1o de p\u00e1ginas web\",\"isPartOf\":{\"@id\":\"https:\\\/\\\/stylemotions.com\\\/#website\"},\"primaryImageOfPage\":{\"@id\":\"https:\\\/\\\/stylemotions.com\\\/leistungen\\\/webdesign\\\/#primaryimage\"},\"image\":{\"@id\":\"https:\\\/\\\/stylemotions.com\\\/leistungen\\\/webdesign\\\/#primaryimage\"},\"thumbnailUrl\":\"https:\\\/\\\/stylemotions.com\\\/wp-content\\\/uploads\\\/2022\\\/10\\\/webdesign-_V2_1400x650px.jpg\",\"datePublished\":\"2022-10-02T21:32:22+00:00\",\"dateModified\":\"2022-10-24T23:25:21+00:00\",\"breadcrumb\":{\"@id\":\"https:\\\/\\\/stylemotions.com\\\/leistungen\\\/webdesign\\\/#breadcrumb\"},\"inLanguage\":\"es-ES\",\"potentialAction\":[{\"@type\":\"ReadAction\",\"target\":[\"https:\\\/\\\/stylemotions.com\\\/leistungen\\\/webdesign\\\/\"]}]},{\"@type\":\"ImageObject\",\"inLanguage\":\"es-ES\",\"@id\":\"https:\\\/\\\/stylemotions.com\\\/leistungen\\\/webdesign\\\/#primaryimage\",\"url\":\"https:\\\/\\\/stylemotions.com\\\/wp-content\\\/uploads\\\/2022\\\/10\\\/webdesign-_V2_1400x650px.jpg\",\"contentUrl\":\"https:\\\/\\\/stylemotions.com\\\/wp-content\\\/uploads\\\/2022\\\/10\\\/webdesign-_V2_1400x650px.jpg\",\"width\":1400,\"height\":650},{\"@type\":\"BreadcrumbList\",\"@id\":\"https:\\\/\\\/stylemotions.com\\\/leistungen\\\/webdesign\\\/#breadcrumb\",\"itemListElement\":[{\"@type\":\"ListItem\",\"position\":1,\"name\":\"Start\",\"item\":\"https:\\\/\\\/stylemotions.com\\\/\"},{\"@type\":\"ListItem\",\"position\":2,\"name\":\"Leistungen\",\"item\":\"https:\\\/\\\/stylemotions.com\\\/leistungen\\\/\"},{\"@type\":\"ListItem\",\"position\":3,\"name\":\"Webdesign\"}]},{\"@type\":\"WebSite\",\"@id\":\"https:\\\/\\\/stylemotions.com\\\/#website\",\"url\":\"https:\\\/\\\/stylemotions.com\\\/\",\"name\":\"stylemotions | mediadesign\",\"description\":\"Digital- &amp; Printmedien\",\"publisher\":{\"@id\":\"https:\\\/\\\/stylemotions.com\\\/#organization\"},\"potentialAction\":[{\"@type\":\"SearchAction\",\"target\":{\"@type\":\"EntryPoint\",\"urlTemplate\":\"https:\\\/\\\/stylemotions.com\\\/?s={search_term_string}\"},\"query-input\":{\"@type\":\"PropertyValueSpecification\",\"valueRequired\":true,\"valueName\":\"search_term_string\"}}],\"inLanguage\":\"es-ES\"},{\"@type\":\"Organization\",\"@id\":\"https:\\\/\\\/stylemotions.com\\\/#organization\",\"name\":\"stylemotions | mediadesign\",\"url\":\"https:\\\/\\\/stylemotions.com\\\/\",\"logo\":{\"@type\":\"ImageObject\",\"inLanguage\":\"es-ES\",\"@id\":\"https:\\\/\\\/stylemotions.com\\\/#\\\/schema\\\/logo\\\/image\\\/\",\"url\":\"https:\\\/\\\/stylemotions.com\\\/wp-content\\\/uploads\\\/2022\\\/08\\\/stylemotions_favicon.png\",\"contentUrl\":\"https:\\\/\\\/stylemotions.com\\\/wp-content\\\/uploads\\\/2022\\\/08\\\/stylemotions_favicon.png\",\"width\":250,\"height\":250,\"caption\":\"stylemotions | mediadesign\"},\"image\":{\"@id\":\"https:\\\/\\\/stylemotions.com\\\/#\\\/schema\\\/logo\\\/image\\\/\"}}]}<\/script>\n<!-- \/ Yoast SEO plugin. -->","yoast_head_json":{"title":"Dise\u00f1o de p\u00e1ginas web","robots":{"index":"index","follow":"follow","max-snippet":"max-snippet:-1","max-image-preview":"max-image-preview:large","max-video-preview":"max-video-preview:-1"},"canonical":"https:\/\/stylemotions.com\/es\/leistungen\/webdesign\/","og_locale":"es_ES","og_type":"article","og_title":"[:de]Webdesign[:es]Dise\u00f1o de p\u00e1ginas web[:en]Web Design[:] - stylemotions | mediadesign","og_description":"Wir versch\u00f6nern Ihre Internetpr\u00e4senz und geben Ihrer Website ein neues Gesicht! Ihr Unternehmen ben\u00f6tigt eine Internetpr\u00e4senz? Ihre bestehende Internetpr\u00e4senz braucht einen \u201cFacelift\u201d? \u2013 Ein moderneres Design \/ Redesign? Sie haben ganz individuelle W\u00fcnsche bzgl. Ihrer Website \/ Internetpr\u00e4senz? Wir beraten Sie gerne! Beispiele CMS (Content Management System) safari-zoo.com eden-mallorca.com mantion.de Beispiele individuell mit HTML \/&hellip;","og_url":"https:\/\/stylemotions.com\/es\/leistungen\/webdesign\/","og_site_name":"stylemotions | mediadesign","article_modified_time":"2022-10-24T23:25:21+00:00","og_image":[{"width":1400,"height":650,"url":"https:\/\/stylemotions.com\/wp-content\/uploads\/2022\/10\/webdesign-_V2_1400x650px.jpg","type":"image\/jpeg"}],"twitter_card":"summary_large_image","twitter_misc":{"Tiempo de lectura":"1 minuto"},"schema":{"@context":"https:\/\/schema.org","@graph":[{"@type":"WebPage","@id":"https:\/\/stylemotions.com\/leistungen\/webdesign\/","url":"https:\/\/stylemotions.com\/leistungen\/webdesign\/","name":"Dise\u00f1o de p\u00e1ginas web","isPartOf":{"@id":"https:\/\/stylemotions.com\/#website"},"primaryImageOfPage":{"@id":"https:\/\/stylemotions.com\/leistungen\/webdesign\/#primaryimage"},"image":{"@id":"https:\/\/stylemotions.com\/leistungen\/webdesign\/#primaryimage"},"thumbnailUrl":"https:\/\/stylemotions.com\/wp-content\/uploads\/2022\/10\/webdesign-_V2_1400x650px.jpg","datePublished":"2022-10-02T21:32:22+00:00","dateModified":"2022-10-24T23:25:21+00:00","breadcrumb":{"@id":"https:\/\/stylemotions.com\/leistungen\/webdesign\/#breadcrumb"},"inLanguage":"es-ES","potentialAction":[{"@type":"ReadAction","target":["https:\/\/stylemotions.com\/leistungen\/webdesign\/"]}]},{"@type":"ImageObject","inLanguage":"es-ES","@id":"https:\/\/stylemotions.com\/leistungen\/webdesign\/#primaryimage","url":"https:\/\/stylemotions.com\/wp-content\/uploads\/2022\/10\/webdesign-_V2_1400x650px.jpg","contentUrl":"https:\/\/stylemotions.com\/wp-content\/uploads\/2022\/10\/webdesign-_V2_1400x650px.jpg","width":1400,"height":650},{"@type":"BreadcrumbList","@id":"https:\/\/stylemotions.com\/leistungen\/webdesign\/#breadcrumb","itemListElement":[{"@type":"ListItem","position":1,"name":"Start","item":"https:\/\/stylemotions.com\/"},{"@type":"ListItem","position":2,"name":"Leistungen","item":"https:\/\/stylemotions.com\/leistungen\/"},{"@type":"ListItem","position":3,"name":"Webdesign"}]},{"@type":"WebSite","@id":"https:\/\/stylemotions.com\/#website","url":"https:\/\/stylemotions.com\/","name":"stylemotions | mediadesign","description":"Digital- &amp; Printmedien","publisher":{"@id":"https:\/\/stylemotions.com\/#organization"},"potentialAction":[{"@type":"SearchAction","target":{"@type":"EntryPoint","urlTemplate":"https:\/\/stylemotions.com\/?s={search_term_string}"},"query-input":{"@type":"PropertyValueSpecification","valueRequired":true,"valueName":"search_term_string"}}],"inLanguage":"es-ES"},{"@type":"Organization","@id":"https:\/\/stylemotions.com\/#organization","name":"stylemotions | mediadesign","url":"https:\/\/stylemotions.com\/","logo":{"@type":"ImageObject","inLanguage":"es-ES","@id":"https:\/\/stylemotions.com\/#\/schema\/logo\/image\/","url":"https:\/\/stylemotions.com\/wp-content\/uploads\/2022\/08\/stylemotions_favicon.png","contentUrl":"https:\/\/stylemotions.com\/wp-content\/uploads\/2022\/08\/stylemotions_favicon.png","width":250,"height":250,"caption":"stylemotions | mediadesign"},"image":{"@id":"https:\/\/stylemotions.com\/#\/schema\/logo\/image\/"}}]}},"_links":{"self":[{"href":"https:\/\/stylemotions.com\/es\/wp-json\/wp\/v2\/pages\/494","targetHints":{"allow":["GET"]}}],"collection":[{"href":"https:\/\/stylemotions.com\/es\/wp-json\/wp\/v2\/pages"}],"about":[{"href":"https:\/\/stylemotions.com\/es\/wp-json\/wp\/v2\/types\/page"}],"author":[{"embeddable":true,"href":"https:\/\/stylemotions.com\/es\/wp-json\/wp\/v2\/users\/1"}],"replies":[{"embeddable":true,"href":"https:\/\/stylemotions.com\/es\/wp-json\/wp\/v2\/comments?post=494"}],"version-history":[{"count":48,"href":"https:\/\/stylemotions.com\/es\/wp-json\/wp\/v2\/pages\/494\/revisions"}],"predecessor-version":[{"id":1278,"href":"https:\/\/stylemotions.com\/es\/wp-json\/wp\/v2\/pages\/494\/revisions\/1278"}],"up":[{"embeddable":true,"href":"https:\/\/stylemotions.com\/es\/wp-json\/wp\/v2\/pages\/465"}],"wp:featuredmedia":[{"embeddable":true,"href":"https:\/\/stylemotions.com\/es\/wp-json\/wp\/v2\/media\/842"}],"wp:attachment":[{"href":"https:\/\/stylemotions.com\/es\/wp-json\/wp\/v2\/media?parent=494"}],"curies":[{"name":"wp","href":"https:\/\/api.w.org\/{rel}","templated":true}]}}