{"id":499,"date":"2022-10-02T23:37:11","date_gmt":"2022-10-02T21:37:11","guid":{"rendered":"https:\/\/stylemotions.com\/?page_id=499"},"modified":"2022-10-09T20:50:48","modified_gmt":"2022-10-09T18:50:48","slug":"animationen-werbeclips","status":"publish","type":"page","link":"https:\/\/stylemotions.com\/es\/leistungen\/animationen-werbeclips\/","title":{"rendered":"Animaciones y V\u00eddeos Publicitarios"},"content":{"rendered":"\n<div class=\"wp-block-columns is-layout-flex wp-container-core-columns-is-layout-9d6595d7 wp-block-columns-is-layout-flex\">\n<div class=\"wp-block-column is-layout-flow wp-block-column-is-layout-flow\">\n<p>Nos hacemos cargo de sus necesidades y de las de su empresa en lo que se refiere a animaci\u00f3n\u2026<\/p>\n\n\n\n<p>Ya sea para su presencia en internet, anuncios publicitarios o publicidad individual en internet, en redes sociales y portales de v\u00eddeo (YouTube, Facebook etc.).<\/p>\n\n\n\n<p>Tambi\u00e9n creamos animaciones de c\u00f3mics individuales para cortos publicitarios de productos o imagen.<br>Estos ayudan a difundir el mensaje de su empresa en internet.<\/p>\n<\/div>\n\n\n\n<div class=\"wp-block-column is-layout-flow wp-block-column-is-layout-flow\">\n<pre class=\"wp-block-code\"><code><iframe src=\"https:\/\/stylemotions.com\/animationen\/ninshee\/m_ninshee_referenz_klein.html\" scrolling=\"no\" ;=\"\" style=\" width: 450px; height: 400px;\"><\/iframe><\/code><\/pre>\n\n\n\n<p>Tambi\u00e9n son posibles las animaciones <strong>interactivas <\/strong>(kick).<\/p>\n<\/div>\n<\/div>\n\n\n\n<div style=\"height:50px\" aria-hidden=\"true\" class=\"wp-block-spacer\"><\/div>\n\n\n\n<h4 class=\"has-text-align-center wp-block-heading\">Estos son algunos ejemplos de nuestros clips publicitarios<\/h4>\n\n\n\n<hr class=\"wp-block-separator has-alpha-channel-opacity is-style-dots\"\/>\n\n\n\n<div class=\"wp-block-columns is-layout-flex wp-container-core-columns-is-layout-9d6595d7 wp-block-columns-is-layout-flex\">\n<div class=\"wp-block-column is-layout-flow wp-block-column-is-layout-flow\">\n<iframe src=\"https:\/\/www.youtube-nocookie.com\/embed\/zc62a0Q3Wak?rel=0\" width=\"250\" height=\"180\" frameborder=\"0\" allowfullscreen=\"allowfullscreen\"><\/iframe>\n<\/div>\n\n\n\n<div class=\"wp-block-column is-layout-flow wp-block-column-is-layout-flow\">\n<iframe src=\"https:\/\/www.youtube-nocookie.com\/embed\/72kMj3b3um0?rel=0\" width=\"250\" height=\"180\" frameborder=\"0\" allowfullscreen=\"allowfullscreen\"><\/iframe>\n<\/div>\n\n\n\n<div class=\"wp-block-column is-layout-flow wp-block-column-is-layout-flow\">\n<iframe src=\"https:\/\/www.youtube-nocookie.com\/embed\/2SoRzJcqwos?rel=0\" width=\"250\" height=\"180\" frameborder=\"0\" allowfullscreen=\"allowfullscreen\"><\/iframe>\n<\/div>\n\n\n\n<div class=\"wp-block-column is-layout-flow wp-block-column-is-layout-flow\">\n<iframe src=\"https:\/\/www.youtube-nocookie.com\/embed\/FvdNZxJQGlo?rel=0\" width=\"250\" height=\"180\" frameborder=\"0\" allowfullscreen=\"allowfullscreen\"><\/iframe>\n<\/div>\n<\/div>\n","protected":false},"excerpt":{"rendered":"<p>Nos hacemos cargo de sus necesidades y de las de su empresa en lo que se refiere a animaci\u00f3n\u2026 Ya sea para su presencia en internet, anuncios publicitarios o publicidad individual en internet, en redes sociales y portales de v\u00eddeo (YouTube, Facebook etc.). Tambi\u00e9n creamos animaciones de c\u00f3mics individuales para cortos publicitarios de productos o&hellip;<\/p>\n","protected":false},"author":1,"featured_media":1078,"parent":465,"menu_order":0,"comment_status":"closed","ping_status":"closed","template":"","meta":{"footnotes":""},"class_list":["post-499","page","type-page","status-publish","has-post-thumbnail","hentry"],"yoast_head":"<!-- This site is optimized with the Yoast SEO plugin v27.3 - https:\/\/yoast.com\/product\/yoast-seo-wordpress\/ -->\n<title>Animaciones y V\u00eddeos Publicitarios<\/title>\n<meta name=\"robots\" content=\"index, follow, max-snippet:-1, max-image-preview:large, max-video-preview:-1\" \/>\n<link rel=\"canonical\" href=\"https:\/\/stylemotions.com\/es\/leistungen\/animationen-werbeclips\/\" \/>\n<meta property=\"og:locale\" content=\"es_ES\" \/>\n<meta property=\"og:locale:alternate\" content=\"de_DE\" \/>\n<meta property=\"og:locale:alternate\" content=\"en_UK\" \/>\n<meta property=\"og:type\" content=\"article\" \/>\n<meta property=\"og:title\" content=\"Animaciones y V\u00eddeos Publicitarios\" \/>\n<meta property=\"og:description\" content=\"Nos hacemos cargo de sus necesidades y de las de su empresa en lo que se refiere a animaci\u00f3n\u2026 Ya sea para su presencia en internet, anuncios publicitarios o publicidad individual en internet, en redes sociales y portales de v\u00eddeo (YouTube, Facebook etc.). Tambi\u00e9n creamos animaciones de c\u00f3mics individuales para cortos publicitarios de productos o&hellip;\" \/>\n<meta property=\"og:url\" content=\"https:\/\/stylemotions.com\/es\/leistungen\/animationen-werbeclips\/\" \/>\n<meta property=\"og:site_name\" content=\"stylemotions | mediadesign\" \/>\n<meta property=\"article:modified_time\" content=\"2022-10-09T18:50:48+00:00\" \/>\n<meta property=\"og:image\" content=\"https:\/\/stylemotions.com\/wp-content\/uploads\/2022\/10\/Animationen-Werbeclips_1400x650px-1.jpg\" \/>\n\t<meta property=\"og:image:width\" content=\"1400\" \/>\n\t<meta property=\"og:image:height\" content=\"650\" \/>\n\t<meta property=\"og:image:type\" content=\"image\/jpeg\" \/>\n<meta name=\"twitter:card\" content=\"summary_large_image\" \/>\n<meta name=\"twitter:label1\" content=\"Tiempo de lectura\" \/>\n\t<meta name=\"twitter:data1\" content=\"1 minuto\" \/>\n<script type=\"application\/ld+json\" class=\"yoast-schema-graph\">{\"@context\":\"https:\\\/\\\/schema.org\",\"@graph\":[{\"@type\":\"WebPage\",\"@id\":\"https:\\\/\\\/stylemotions.com\\\/leistungen\\\/animationen-werbeclips\\\/\",\"url\":\"https:\\\/\\\/stylemotions.com\\\/leistungen\\\/animationen-werbeclips\\\/\",\"name\":\"Animaciones y V\u00eddeos Publicitarios\",\"isPartOf\":{\"@id\":\"https:\\\/\\\/stylemotions.com\\\/#website\"},\"primaryImageOfPage\":{\"@id\":\"https:\\\/\\\/stylemotions.com\\\/leistungen\\\/animationen-werbeclips\\\/#primaryimage\"},\"image\":{\"@id\":\"https:\\\/\\\/stylemotions.com\\\/leistungen\\\/animationen-werbeclips\\\/#primaryimage\"},\"thumbnailUrl\":\"https:\\\/\\\/stylemotions.com\\\/wp-content\\\/uploads\\\/2022\\\/10\\\/Animationen-Werbeclips_1400x650px-1.jpg\",\"datePublished\":\"2022-10-02T21:37:11+00:00\",\"dateModified\":\"2022-10-09T18:50:48+00:00\",\"breadcrumb\":{\"@id\":\"https:\\\/\\\/stylemotions.com\\\/leistungen\\\/animationen-werbeclips\\\/#breadcrumb\"},\"inLanguage\":\"es-ES\",\"potentialAction\":[{\"@type\":\"ReadAction\",\"target\":[\"https:\\\/\\\/stylemotions.com\\\/leistungen\\\/animationen-werbeclips\\\/\"]}]},{\"@type\":\"ImageObject\",\"inLanguage\":\"es-ES\",\"@id\":\"https:\\\/\\\/stylemotions.com\\\/leistungen\\\/animationen-werbeclips\\\/#primaryimage\",\"url\":\"https:\\\/\\\/stylemotions.com\\\/wp-content\\\/uploads\\\/2022\\\/10\\\/Animationen-Werbeclips_1400x650px-1.jpg\",\"contentUrl\":\"https:\\\/\\\/stylemotions.com\\\/wp-content\\\/uploads\\\/2022\\\/10\\\/Animationen-Werbeclips_1400x650px-1.jpg\",\"width\":1400,\"height\":650,\"caption\":\"Comics & Cartoons\"},{\"@type\":\"BreadcrumbList\",\"@id\":\"https:\\\/\\\/stylemotions.com\\\/leistungen\\\/animationen-werbeclips\\\/#breadcrumb\",\"itemListElement\":[{\"@type\":\"ListItem\",\"position\":1,\"name\":\"Start\",\"item\":\"https:\\\/\\\/stylemotions.com\\\/\"},{\"@type\":\"ListItem\",\"position\":2,\"name\":\"Leistungen\",\"item\":\"https:\\\/\\\/stylemotions.com\\\/leistungen\\\/\"},{\"@type\":\"ListItem\",\"position\":3,\"name\":\"Animationen &#038; Werbeclips\"}]},{\"@type\":\"WebSite\",\"@id\":\"https:\\\/\\\/stylemotions.com\\\/#website\",\"url\":\"https:\\\/\\\/stylemotions.com\\\/\",\"name\":\"stylemotions | mediadesign\",\"description\":\"Digital- &amp; Printmedien\",\"publisher\":{\"@id\":\"https:\\\/\\\/stylemotions.com\\\/#organization\"},\"potentialAction\":[{\"@type\":\"SearchAction\",\"target\":{\"@type\":\"EntryPoint\",\"urlTemplate\":\"https:\\\/\\\/stylemotions.com\\\/?s={search_term_string}\"},\"query-input\":{\"@type\":\"PropertyValueSpecification\",\"valueRequired\":true,\"valueName\":\"search_term_string\"}}],\"inLanguage\":\"es-ES\"},{\"@type\":\"Organization\",\"@id\":\"https:\\\/\\\/stylemotions.com\\\/#organization\",\"name\":\"stylemotions | mediadesign\",\"url\":\"https:\\\/\\\/stylemotions.com\\\/\",\"logo\":{\"@type\":\"ImageObject\",\"inLanguage\":\"es-ES\",\"@id\":\"https:\\\/\\\/stylemotions.com\\\/#\\\/schema\\\/logo\\\/image\\\/\",\"url\":\"https:\\\/\\\/stylemotions.com\\\/wp-content\\\/uploads\\\/2022\\\/08\\\/stylemotions_favicon.png\",\"contentUrl\":\"https:\\\/\\\/stylemotions.com\\\/wp-content\\\/uploads\\\/2022\\\/08\\\/stylemotions_favicon.png\",\"width\":250,\"height\":250,\"caption\":\"stylemotions | mediadesign\"},\"image\":{\"@id\":\"https:\\\/\\\/stylemotions.com\\\/#\\\/schema\\\/logo\\\/image\\\/\"}}]}<\/script>\n<!-- \/ Yoast SEO plugin. -->","yoast_head_json":{"title":"Animaciones y V\u00eddeos Publicitarios","robots":{"index":"index","follow":"follow","max-snippet":"max-snippet:-1","max-image-preview":"max-image-preview:large","max-video-preview":"max-video-preview:-1"},"canonical":"https:\/\/stylemotions.com\/es\/leistungen\/animationen-werbeclips\/","og_locale":"es_ES","og_type":"article","og_title":"[:de]Animationen & Werbeclips[:es]Animaciones y V\u00eddeos Publicitarios[:en]Animations & Advertising Clips[:] - stylemotions | mediadesign","og_description":"Nos hacemos cargo de sus necesidades y de las de su empresa en lo que se refiere a animaci\u00f3n\u2026 Ya sea para su presencia en internet, anuncios publicitarios o publicidad individual en internet, en redes sociales y portales de v\u00eddeo (YouTube, Facebook etc.). Tambi\u00e9n creamos animaciones de c\u00f3mics individuales para cortos publicitarios de productos o&hellip;","og_url":"https:\/\/stylemotions.com\/es\/leistungen\/animationen-werbeclips\/","og_site_name":"stylemotions | mediadesign","article_modified_time":"2022-10-09T18:50:48+00:00","og_image":[{"width":1400,"height":650,"url":"https:\/\/stylemotions.com\/wp-content\/uploads\/2022\/10\/Animationen-Werbeclips_1400x650px-1.jpg","type":"image\/jpeg"}],"twitter_card":"summary_large_image","twitter_misc":{"Tiempo de lectura":"1 minuto"},"schema":{"@context":"https:\/\/schema.org","@graph":[{"@type":"WebPage","@id":"https:\/\/stylemotions.com\/leistungen\/animationen-werbeclips\/","url":"https:\/\/stylemotions.com\/leistungen\/animationen-werbeclips\/","name":"Animaciones y V\u00eddeos Publicitarios","isPartOf":{"@id":"https:\/\/stylemotions.com\/#website"},"primaryImageOfPage":{"@id":"https:\/\/stylemotions.com\/leistungen\/animationen-werbeclips\/#primaryimage"},"image":{"@id":"https:\/\/stylemotions.com\/leistungen\/animationen-werbeclips\/#primaryimage"},"thumbnailUrl":"https:\/\/stylemotions.com\/wp-content\/uploads\/2022\/10\/Animationen-Werbeclips_1400x650px-1.jpg","datePublished":"2022-10-02T21:37:11+00:00","dateModified":"2022-10-09T18:50:48+00:00","breadcrumb":{"@id":"https:\/\/stylemotions.com\/leistungen\/animationen-werbeclips\/#breadcrumb"},"inLanguage":"es-ES","potentialAction":[{"@type":"ReadAction","target":["https:\/\/stylemotions.com\/leistungen\/animationen-werbeclips\/"]}]},{"@type":"ImageObject","inLanguage":"es-ES","@id":"https:\/\/stylemotions.com\/leistungen\/animationen-werbeclips\/#primaryimage","url":"https:\/\/stylemotions.com\/wp-content\/uploads\/2022\/10\/Animationen-Werbeclips_1400x650px-1.jpg","contentUrl":"https:\/\/stylemotions.com\/wp-content\/uploads\/2022\/10\/Animationen-Werbeclips_1400x650px-1.jpg","width":1400,"height":650,"caption":"Comics & Cartoons"},{"@type":"BreadcrumbList","@id":"https:\/\/stylemotions.com\/leistungen\/animationen-werbeclips\/#breadcrumb","itemListElement":[{"@type":"ListItem","position":1,"name":"Start","item":"https:\/\/stylemotions.com\/"},{"@type":"ListItem","position":2,"name":"Leistungen","item":"https:\/\/stylemotions.com\/leistungen\/"},{"@type":"ListItem","position":3,"name":"Animationen &#038; Werbeclips"}]},{"@type":"WebSite","@id":"https:\/\/stylemotions.com\/#website","url":"https:\/\/stylemotions.com\/","name":"stylemotions | mediadesign","description":"Digital- &amp; Printmedien","publisher":{"@id":"https:\/\/stylemotions.com\/#organization"},"potentialAction":[{"@type":"SearchAction","target":{"@type":"EntryPoint","urlTemplate":"https:\/\/stylemotions.com\/?s={search_term_string}"},"query-input":{"@type":"PropertyValueSpecification","valueRequired":true,"valueName":"search_term_string"}}],"inLanguage":"es-ES"},{"@type":"Organization","@id":"https:\/\/stylemotions.com\/#organization","name":"stylemotions | mediadesign","url":"https:\/\/stylemotions.com\/","logo":{"@type":"ImageObject","inLanguage":"es-ES","@id":"https:\/\/stylemotions.com\/#\/schema\/logo\/image\/","url":"https:\/\/stylemotions.com\/wp-content\/uploads\/2022\/08\/stylemotions_favicon.png","contentUrl":"https:\/\/stylemotions.com\/wp-content\/uploads\/2022\/08\/stylemotions_favicon.png","width":250,"height":250,"caption":"stylemotions | mediadesign"},"image":{"@id":"https:\/\/stylemotions.com\/#\/schema\/logo\/image\/"}}]}},"_links":{"self":[{"href":"https:\/\/stylemotions.com\/es\/wp-json\/wp\/v2\/pages\/499","targetHints":{"allow":["GET"]}}],"collection":[{"href":"https:\/\/stylemotions.com\/es\/wp-json\/wp\/v2\/pages"}],"about":[{"href":"https:\/\/stylemotions.com\/es\/wp-json\/wp\/v2\/types\/page"}],"author":[{"embeddable":true,"href":"https:\/\/stylemotions.com\/es\/wp-json\/wp\/v2\/users\/1"}],"replies":[{"embeddable":true,"href":"https:\/\/stylemotions.com\/es\/wp-json\/wp\/v2\/comments?post=499"}],"version-history":[{"count":63,"href":"https:\/\/stylemotions.com\/es\/wp-json\/wp\/v2\/pages\/499\/revisions"}],"predecessor-version":[{"id":1079,"href":"https:\/\/stylemotions.com\/es\/wp-json\/wp\/v2\/pages\/499\/revisions\/1079"}],"up":[{"embeddable":true,"href":"https:\/\/stylemotions.com\/es\/wp-json\/wp\/v2\/pages\/465"}],"wp:featuredmedia":[{"embeddable":true,"href":"https:\/\/stylemotions.com\/es\/wp-json\/wp\/v2\/media\/1078"}],"wp:attachment":[{"href":"https:\/\/stylemotions.com\/es\/wp-json\/wp\/v2\/media?parent=499"}],"curies":[{"name":"wp","href":"https:\/\/api.w.org\/{rel}","templated":true}]}}