{"id":52,"date":"2022-08-21T00:03:21","date_gmt":"2022-08-20T22:03:21","guid":{"rendered":"https:\/\/stylemotions.com\/?page_id=52"},"modified":"2022-10-09T20:58:48","modified_gmt":"2022-10-09T18:58:48","slug":"stylemotions","status":"publish","type":"page","link":"https:\/\/stylemotions.com\/es\/stylemotions\/","title":{"rendered":"stylemotions"},"content":{"rendered":"\n<h2 class=\"wp-block-heading\">Just Style<\/h2>\n\n\n\n<p>La idea de Style Motion, o mejor \u201cstylemotion\u201d, surgi\u00f3 en Alemania en el 2006. \u201c<strong>stylemotions<\/strong>\u201d es el resultado de la combinaci\u00f3n de estilo \/ creatividad y movimiento \/ animaci\u00f3n.<\/p>\n\n\n\n<hr class=\"wp-block-separator has-alpha-channel-opacity\"\/>\n\n\n\n<p><strong>M\u00e1s sobre nosotros<\/strong><\/p>\n\n\n\n<p>Nuestro portafolio de servicios es muy amplio pero nos centramos especialmente en el&nbsp;<strong>dise\u00f1o<\/strong>&nbsp;para&nbsp;<strong>medios digitales<\/strong>,&nbsp;<strong>animaci\u00f3n<\/strong>&nbsp;y&nbsp;<strong>c\u00f3mics<\/strong>.<\/p>\n\n\n\n<p><strong>Desde 2009<\/strong>, \u00abstylemotions\u00bb existe en la isla balear en el noreste de Mallorca en el hermoso pueblo de Art\u00e0.<\/p>\n\n\n\n<p><strong>Desde 2019<\/strong>, colaboramos con el estudio gr\u00e1fico J34 Graphic Studio en Cala Ratjada.<br>Aqu\u00ed, adem\u00e1s de la gran cooperaci\u00f3n, recibimos un enorme apoyo en el \u00e1rea de impresi\u00f3n.<\/p>\n\n\n\n<p>Si desea presentar su empresa de una forma llamativa e individual, diferenci\u00e1ndose de lo habitual, podemos encargarnos de su publicidad (p\u00e1ginas de internet, folletos, v\u00eddeos publicitarios, etc.) de una manera destacada y con un toque personal orientado al futuro. \u00a1De esta manera usted podr\u00e1 presentar a sus clientes un nuevo proyecto \u00fanico y poco convencional!<\/p>\n\n\n\n<p>Nuestro objetivo es crear dise\u00f1os gr\u00e1ficos originales para los medios digitales e impresos de su empresa orientados hac\u00eda un grupo espec\u00edfico.<\/p>\n\n\n\n<p>Estamos a la disposici\u00f3n del cliente para aconsejarle y para convertir su visi\u00f3n personal en realidad.<\/p>\n\n\n\n<p><strong>No olvide que:<\/strong><br>\u00a1Para poder destacar, debe presentar su proyecto de manera diferente y atrevida, pero garantizando la seriedad que le representar\u00e1 en el futuro!<\/p>\n\n\n\n<div class=\"wp-block-buttons is-layout-flex wp-block-buttons-is-layout-flex\">\n<div class=\"wp-block-button\"><a class=\"wp-block-button__link has-background\" href=\"https:\/\/stylemotions.com\/leistungen\/\" style=\"border-radius:10px;background-color:#e31a82\">M\u00c1S SOBRE NUESTROS SERVICIOS<\/a><\/div>\n<\/div>\n","protected":false},"excerpt":{"rendered":"<p>Just Style La idea de Style Motion, o mejor \u201cstylemotion\u201d, surgi\u00f3 en Alemania en el 2006. \u201cstylemotions\u201d es el resultado de la combinaci\u00f3n de estilo \/ creatividad y movimiento \/ animaci\u00f3n. M\u00e1s sobre nosotros Nuestro portafolio de servicios es muy amplio pero nos centramos especialmente en el&nbsp;dise\u00f1o&nbsp;para&nbsp;medios digitales,&nbsp;animaci\u00f3n&nbsp;y&nbsp;c\u00f3mics. Desde 2009, \u00abstylemotions\u00bb existe en la isla&hellip;<\/p>\n","protected":false},"author":1,"featured_media":994,"parent":0,"menu_order":0,"comment_status":"closed","ping_status":"closed","template":"","meta":{"footnotes":""},"class_list":["post-52","page","type-page","status-publish","has-post-thumbnail","hentry"],"yoast_head":"<!-- This site is optimized with the Yoast SEO plugin v27.3 - https:\/\/yoast.com\/product\/yoast-seo-wordpress\/ -->\n<title>stylemotions<\/title>\n<meta name=\"robots\" content=\"index, follow, max-snippet:-1, max-image-preview:large, max-video-preview:-1\" \/>\n<link rel=\"canonical\" href=\"https:\/\/stylemotions.com\/es\/stylemotions\/\" \/>\n<meta property=\"og:locale\" content=\"es_ES\" \/>\n<meta property=\"og:locale:alternate\" content=\"de_DE\" \/>\n<meta property=\"og:locale:alternate\" content=\"en_UK\" \/>\n<meta property=\"og:type\" content=\"article\" \/>\n<meta property=\"og:title\" content=\"stylemotions\" \/>\n<meta property=\"og:description\" content=\"Just Style La idea de Style Motion, o mejor \u201cstylemotion\u201d, surgi\u00f3 en Alemania en el 2006. \u201cstylemotions\u201d es el resultado de la combinaci\u00f3n de estilo \/ creatividad y movimiento \/ animaci\u00f3n. M\u00e1s sobre nosotros Nuestro portafolio de servicios es muy amplio pero nos centramos especialmente en el&nbsp;dise\u00f1o&nbsp;para&nbsp;medios digitales,&nbsp;animaci\u00f3n&nbsp;y&nbsp;c\u00f3mics. Desde 2009, \u00abstylemotions\u00bb existe en la isla&hellip;\" \/>\n<meta property=\"og:url\" content=\"https:\/\/stylemotions.com\/es\/stylemotions\/\" \/>\n<meta property=\"og:site_name\" content=\"stylemotions | mediadesign\" \/>\n<meta property=\"article:modified_time\" content=\"2022-10-09T18:58:48+00:00\" \/>\n<meta property=\"og:image\" content=\"https:\/\/stylemotions.com\/wp-content\/uploads\/2022\/10\/Beratung-Konzept_1400x650px.jpg\" \/>\n\t<meta property=\"og:image:width\" content=\"1400\" \/>\n\t<meta property=\"og:image:height\" content=\"650\" \/>\n\t<meta property=\"og:image:type\" content=\"image\/jpeg\" \/>\n<meta name=\"twitter:card\" content=\"summary_large_image\" \/>\n<meta name=\"twitter:label1\" content=\"Tiempo de lectura\" \/>\n\t<meta name=\"twitter:data1\" content=\"4 minutos\" \/>\n<script type=\"application\/ld+json\" class=\"yoast-schema-graph\">{\"@context\":\"https:\\\/\\\/schema.org\",\"@graph\":[{\"@type\":\"WebPage\",\"@id\":\"https:\\\/\\\/stylemotions.com\\\/stylemotions\\\/\",\"url\":\"https:\\\/\\\/stylemotions.com\\\/stylemotions\\\/\",\"name\":\"stylemotions\",\"isPartOf\":{\"@id\":\"https:\\\/\\\/stylemotions.com\\\/#website\"},\"primaryImageOfPage\":{\"@id\":\"https:\\\/\\\/stylemotions.com\\\/stylemotions\\\/#primaryimage\"},\"image\":{\"@id\":\"https:\\\/\\\/stylemotions.com\\\/stylemotions\\\/#primaryimage\"},\"thumbnailUrl\":\"https:\\\/\\\/stylemotions.com\\\/wp-content\\\/uploads\\\/2022\\\/10\\\/Beratung-Konzept_1400x650px.jpg\",\"datePublished\":\"2022-08-20T22:03:21+00:00\",\"dateModified\":\"2022-10-09T18:58:48+00:00\",\"breadcrumb\":{\"@id\":\"https:\\\/\\\/stylemotions.com\\\/stylemotions\\\/#breadcrumb\"},\"inLanguage\":\"es-ES\",\"potentialAction\":[{\"@type\":\"ReadAction\",\"target\":[\"https:\\\/\\\/stylemotions.com\\\/stylemotions\\\/\"]}]},{\"@type\":\"ImageObject\",\"inLanguage\":\"es-ES\",\"@id\":\"https:\\\/\\\/stylemotions.com\\\/stylemotions\\\/#primaryimage\",\"url\":\"https:\\\/\\\/stylemotions.com\\\/wp-content\\\/uploads\\\/2022\\\/10\\\/Beratung-Konzept_1400x650px.jpg\",\"contentUrl\":\"https:\\\/\\\/stylemotions.com\\\/wp-content\\\/uploads\\\/2022\\\/10\\\/Beratung-Konzept_1400x650px.jpg\",\"width\":1400,\"height\":650,\"caption\":\"Beratung & Konzeption\"},{\"@type\":\"BreadcrumbList\",\"@id\":\"https:\\\/\\\/stylemotions.com\\\/stylemotions\\\/#breadcrumb\",\"itemListElement\":[{\"@type\":\"ListItem\",\"position\":1,\"name\":\"Start\",\"item\":\"https:\\\/\\\/stylemotions.com\\\/\"},{\"@type\":\"ListItem\",\"position\":2,\"name\":\"stylemotions\"}]},{\"@type\":\"WebSite\",\"@id\":\"https:\\\/\\\/stylemotions.com\\\/#website\",\"url\":\"https:\\\/\\\/stylemotions.com\\\/\",\"name\":\"stylemotions | mediadesign\",\"description\":\"Digital- &amp; Printmedien\",\"publisher\":{\"@id\":\"https:\\\/\\\/stylemotions.com\\\/#organization\"},\"potentialAction\":[{\"@type\":\"SearchAction\",\"target\":{\"@type\":\"EntryPoint\",\"urlTemplate\":\"https:\\\/\\\/stylemotions.com\\\/?s={search_term_string}\"},\"query-input\":{\"@type\":\"PropertyValueSpecification\",\"valueRequired\":true,\"valueName\":\"search_term_string\"}}],\"inLanguage\":\"es-ES\"},{\"@type\":\"Organization\",\"@id\":\"https:\\\/\\\/stylemotions.com\\\/#organization\",\"name\":\"stylemotions | mediadesign\",\"url\":\"https:\\\/\\\/stylemotions.com\\\/\",\"logo\":{\"@type\":\"ImageObject\",\"inLanguage\":\"es-ES\",\"@id\":\"https:\\\/\\\/stylemotions.com\\\/#\\\/schema\\\/logo\\\/image\\\/\",\"url\":\"https:\\\/\\\/stylemotions.com\\\/wp-content\\\/uploads\\\/2022\\\/08\\\/stylemotions_favicon.png\",\"contentUrl\":\"https:\\\/\\\/stylemotions.com\\\/wp-content\\\/uploads\\\/2022\\\/08\\\/stylemotions_favicon.png\",\"width\":250,\"height\":250,\"caption\":\"stylemotions | mediadesign\"},\"image\":{\"@id\":\"https:\\\/\\\/stylemotions.com\\\/#\\\/schema\\\/logo\\\/image\\\/\"}}]}<\/script>\n<!-- \/ Yoast SEO plugin. -->","yoast_head_json":{"title":"stylemotions","robots":{"index":"index","follow":"follow","max-snippet":"max-snippet:-1","max-image-preview":"max-image-preview:large","max-video-preview":"max-video-preview:-1"},"canonical":"https:\/\/stylemotions.com\/es\/stylemotions\/","og_locale":"es_ES","og_type":"article","og_title":"[:de]stylemotions[:] - stylemotions | mediadesign","og_description":"Just Style La idea de Style Motion, o mejor \u201cstylemotion\u201d, surgi\u00f3 en Alemania en el 2006. \u201cstylemotions\u201d es el resultado de la combinaci\u00f3n de estilo \/ creatividad y movimiento \/ animaci\u00f3n. M\u00e1s sobre nosotros Nuestro portafolio de servicios es muy amplio pero nos centramos especialmente en el&nbsp;dise\u00f1o&nbsp;para&nbsp;medios digitales,&nbsp;animaci\u00f3n&nbsp;y&nbsp;c\u00f3mics. Desde 2009, \u00abstylemotions\u00bb existe en la isla&hellip;","og_url":"https:\/\/stylemotions.com\/es\/stylemotions\/","og_site_name":"stylemotions | mediadesign","article_modified_time":"2022-10-09T18:58:48+00:00","og_image":[{"width":1400,"height":650,"url":"https:\/\/stylemotions.com\/wp-content\/uploads\/2022\/10\/Beratung-Konzept_1400x650px.jpg","type":"image\/jpeg"}],"twitter_card":"summary_large_image","twitter_misc":{"Tiempo de lectura":"4 minutos"},"schema":{"@context":"https:\/\/schema.org","@graph":[{"@type":"WebPage","@id":"https:\/\/stylemotions.com\/stylemotions\/","url":"https:\/\/stylemotions.com\/stylemotions\/","name":"stylemotions","isPartOf":{"@id":"https:\/\/stylemotions.com\/#website"},"primaryImageOfPage":{"@id":"https:\/\/stylemotions.com\/stylemotions\/#primaryimage"},"image":{"@id":"https:\/\/stylemotions.com\/stylemotions\/#primaryimage"},"thumbnailUrl":"https:\/\/stylemotions.com\/wp-content\/uploads\/2022\/10\/Beratung-Konzept_1400x650px.jpg","datePublished":"2022-08-20T22:03:21+00:00","dateModified":"2022-10-09T18:58:48+00:00","breadcrumb":{"@id":"https:\/\/stylemotions.com\/stylemotions\/#breadcrumb"},"inLanguage":"es-ES","potentialAction":[{"@type":"ReadAction","target":["https:\/\/stylemotions.com\/stylemotions\/"]}]},{"@type":"ImageObject","inLanguage":"es-ES","@id":"https:\/\/stylemotions.com\/stylemotions\/#primaryimage","url":"https:\/\/stylemotions.com\/wp-content\/uploads\/2022\/10\/Beratung-Konzept_1400x650px.jpg","contentUrl":"https:\/\/stylemotions.com\/wp-content\/uploads\/2022\/10\/Beratung-Konzept_1400x650px.jpg","width":1400,"height":650,"caption":"Beratung & Konzeption"},{"@type":"BreadcrumbList","@id":"https:\/\/stylemotions.com\/stylemotions\/#breadcrumb","itemListElement":[{"@type":"ListItem","position":1,"name":"Start","item":"https:\/\/stylemotions.com\/"},{"@type":"ListItem","position":2,"name":"stylemotions"}]},{"@type":"WebSite","@id":"https:\/\/stylemotions.com\/#website","url":"https:\/\/stylemotions.com\/","name":"stylemotions | mediadesign","description":"Digital- &amp; Printmedien","publisher":{"@id":"https:\/\/stylemotions.com\/#organization"},"potentialAction":[{"@type":"SearchAction","target":{"@type":"EntryPoint","urlTemplate":"https:\/\/stylemotions.com\/?s={search_term_string}"},"query-input":{"@type":"PropertyValueSpecification","valueRequired":true,"valueName":"search_term_string"}}],"inLanguage":"es-ES"},{"@type":"Organization","@id":"https:\/\/stylemotions.com\/#organization","name":"stylemotions | mediadesign","url":"https:\/\/stylemotions.com\/","logo":{"@type":"ImageObject","inLanguage":"es-ES","@id":"https:\/\/stylemotions.com\/#\/schema\/logo\/image\/","url":"https:\/\/stylemotions.com\/wp-content\/uploads\/2022\/08\/stylemotions_favicon.png","contentUrl":"https:\/\/stylemotions.com\/wp-content\/uploads\/2022\/08\/stylemotions_favicon.png","width":250,"height":250,"caption":"stylemotions | mediadesign"},"image":{"@id":"https:\/\/stylemotions.com\/#\/schema\/logo\/image\/"}}]}},"_links":{"self":[{"href":"https:\/\/stylemotions.com\/es\/wp-json\/wp\/v2\/pages\/52","targetHints":{"allow":["GET"]}}],"collection":[{"href":"https:\/\/stylemotions.com\/es\/wp-json\/wp\/v2\/pages"}],"about":[{"href":"https:\/\/stylemotions.com\/es\/wp-json\/wp\/v2\/types\/page"}],"author":[{"embeddable":true,"href":"https:\/\/stylemotions.com\/es\/wp-json\/wp\/v2\/users\/1"}],"replies":[{"embeddable":true,"href":"https:\/\/stylemotions.com\/es\/wp-json\/wp\/v2\/comments?post=52"}],"version-history":[{"count":25,"href":"https:\/\/stylemotions.com\/es\/wp-json\/wp\/v2\/pages\/52\/revisions"}],"predecessor-version":[{"id":1082,"href":"https:\/\/stylemotions.com\/es\/wp-json\/wp\/v2\/pages\/52\/revisions\/1082"}],"wp:featuredmedia":[{"embeddable":true,"href":"https:\/\/stylemotions.com\/es\/wp-json\/wp\/v2\/media\/994"}],"wp:attachment":[{"href":"https:\/\/stylemotions.com\/es\/wp-json\/wp\/v2\/media?parent=52"}],"curies":[{"name":"wp","href":"https:\/\/api.w.org\/{rel}","templated":true}]}}