{"id":585,"date":"2022-10-03T10:26:38","date_gmt":"2022-10-03T08:26:38","guid":{"rendered":"https:\/\/stylemotions.com\/?page_id=585"},"modified":"2022-10-09T20:52:03","modified_gmt":"2022-10-09T18:52:03","slug":"comics-cartoons","status":"publish","type":"page","link":"https:\/\/stylemotions.com\/es\/leistungen\/comics-cartoons\/","title":{"rendered":"C\u00f3mics \/ Dibujos animados"},"content":{"rendered":"\n<div class=\"wp-block-columns is-layout-flex wp-container-core-columns-is-layout-9d6595d7 wp-block-columns-is-layout-flex\">\n<div class=\"wp-block-column is-layout-flow wp-block-column-is-layout-flow\">\n<p>Creamos c\u00f3mics\/dibujos animados personalizados para sus campa\u00f1as publicitarias<br>Figuras de c\u00f3mic \/ dibujos animados creadas directamente en formato digital en el ordenador.<\/p>\n\n\n\n<p><strong>Qu\u00e9 le podemos ofrecer en materia de c\u00f3mics:<\/strong><\/p>\n\n\n\n<ul class=\"wp-block-list\"><li>Varias plantillas de impresi\u00f3n (folletos, tarjetas postales, carteles, etc.)<\/li><li>Mascotas, dise\u00f1o de logotipos<\/li><li>Animaciones para medios digitales, etc.<\/li><li>Campa\u00f1as publicitarias \u2013 Cortos publicitarios (YouTube, tele, etc.)<\/li><\/ul>\n<\/div>\n\n\n\n<div class=\"wp-block-column is-layout-flow wp-block-column-is-layout-flow\">\n<figure class=\"wp-block-image size-full\"><img fetchpriority=\"high\" decoding=\"async\" width=\"400\" height=\"400\" src=\"https:\/\/stylemotions.com\/wp-content\/uploads\/2022\/10\/Comics-Cartoons_Gerhard-Schroeder.jpg\" alt=\"\" class=\"wp-image-1051\" srcset=\"https:\/\/stylemotions.com\/wp-content\/uploads\/2022\/10\/Comics-Cartoons_Gerhard-Schroeder.jpg 400w, https:\/\/stylemotions.com\/wp-content\/uploads\/2022\/10\/Comics-Cartoons_Gerhard-Schroeder-300x300.jpg 300w, https:\/\/stylemotions.com\/wp-content\/uploads\/2022\/10\/Comics-Cartoons_Gerhard-Schroeder-150x150.jpg 150w\" sizes=\"(max-width: 400px) 100vw, 400px\" \/><\/figure>\n<\/div>\n<\/div>\n\n\n\n<div style=\"height:30px\" aria-hidden=\"true\" class=\"wp-block-spacer\"><\/div>\n\n\n\n<h4 class=\"has-text-align-center wp-block-heading\">Algunos ejemplos<\/h4>\n\n\n\n<hr class=\"wp-block-separator has-alpha-channel-opacity is-style-dots\"\/>\n\n\n\n<div class=\"wp-block-columns is-layout-flex wp-container-core-columns-is-layout-9d6595d7 wp-block-columns-is-layout-flex\">\n<div class=\"wp-block-column is-layout-flow wp-block-column-is-layout-flow\">\n<figure class=\"wp-block-image size-full is-resized\"><img decoding=\"async\" src=\"https:\/\/stylemotions.com\/wp-content\/uploads\/2022\/10\/Comics-Cartoons_AB-Kick.jpg\" alt=\"\" class=\"wp-image-1049\" width=\"255\" height=\"255\" srcset=\"https:\/\/stylemotions.com\/wp-content\/uploads\/2022\/10\/Comics-Cartoons_AB-Kick.jpg 400w, https:\/\/stylemotions.com\/wp-content\/uploads\/2022\/10\/Comics-Cartoons_AB-Kick-300x300.jpg 300w, https:\/\/stylemotions.com\/wp-content\/uploads\/2022\/10\/Comics-Cartoons_AB-Kick-150x150.jpg 150w\" sizes=\"(max-width: 255px) 100vw, 255px\" \/><\/figure>\n\n\n\n<figure class=\"wp-block-image size-full\"><img decoding=\"async\" width=\"400\" height=\"400\" src=\"https:\/\/stylemotions.com\/wp-content\/uploads\/2022\/10\/Comics-Cartoons_Torro.jpg\" alt=\"\" class=\"wp-image-1041\" srcset=\"https:\/\/stylemotions.com\/wp-content\/uploads\/2022\/10\/Comics-Cartoons_Torro.jpg 400w, https:\/\/stylemotions.com\/wp-content\/uploads\/2022\/10\/Comics-Cartoons_Torro-300x300.jpg 300w, https:\/\/stylemotions.com\/wp-content\/uploads\/2022\/10\/Comics-Cartoons_Torro-150x150.jpg 150w\" sizes=\"(max-width: 400px) 100vw, 400px\" \/><\/figure>\n<\/div>\n\n\n\n<div class=\"wp-block-column is-layout-flow wp-block-column-is-layout-flow\">\n<figure class=\"wp-block-image size-full\"><img loading=\"lazy\" decoding=\"async\" width=\"400\" height=\"400\" src=\"https:\/\/stylemotions.com\/wp-content\/uploads\/2022\/10\/Comics-Cartoons_Toolman.jpg\" alt=\"\" class=\"wp-image-1040\" srcset=\"https:\/\/stylemotions.com\/wp-content\/uploads\/2022\/10\/Comics-Cartoons_Toolman.jpg 400w, https:\/\/stylemotions.com\/wp-content\/uploads\/2022\/10\/Comics-Cartoons_Toolman-300x300.jpg 300w, https:\/\/stylemotions.com\/wp-content\/uploads\/2022\/10\/Comics-Cartoons_Toolman-150x150.jpg 150w\" sizes=\"(max-width: 400px) 100vw, 400px\" \/><\/figure>\n\n\n\n<figure class=\"wp-block-image size-full\"><img loading=\"lazy\" decoding=\"async\" width=\"400\" height=\"400\" src=\"https:\/\/stylemotions.com\/wp-content\/uploads\/2022\/10\/Comics-Cartoons_Libelle.jpg\" alt=\"\" class=\"wp-image-1052\" srcset=\"https:\/\/stylemotions.com\/wp-content\/uploads\/2022\/10\/Comics-Cartoons_Libelle.jpg 400w, https:\/\/stylemotions.com\/wp-content\/uploads\/2022\/10\/Comics-Cartoons_Libelle-300x300.jpg 300w, https:\/\/stylemotions.com\/wp-content\/uploads\/2022\/10\/Comics-Cartoons_Libelle-150x150.jpg 150w\" sizes=\"(max-width: 400px) 100vw, 400px\" \/><\/figure>\n<\/div>\n\n\n\n<div class=\"wp-block-column is-layout-flow wp-block-column-is-layout-flow\">\n<figure class=\"wp-block-image size-full\"><img loading=\"lazy\" decoding=\"async\" width=\"400\" height=\"400\" src=\"https:\/\/stylemotions.com\/wp-content\/uploads\/2022\/10\/Comics-Cartoons_Oveja-Negra.jpg\" alt=\"\" class=\"wp-image-1039\" srcset=\"https:\/\/stylemotions.com\/wp-content\/uploads\/2022\/10\/Comics-Cartoons_Oveja-Negra.jpg 400w, https:\/\/stylemotions.com\/wp-content\/uploads\/2022\/10\/Comics-Cartoons_Oveja-Negra-300x300.jpg 300w, https:\/\/stylemotions.com\/wp-content\/uploads\/2022\/10\/Comics-Cartoons_Oveja-Negra-150x150.jpg 150w\" sizes=\"(max-width: 400px) 100vw, 400px\" \/><\/figure>\n\n\n\n<figure class=\"wp-block-image size-full\"><img loading=\"lazy\" decoding=\"async\" width=\"400\" height=\"400\" src=\"https:\/\/stylemotions.com\/wp-content\/uploads\/2022\/10\/Comics-Cartoons_Fuchs.jpg\" alt=\"\" class=\"wp-image-1050\" srcset=\"https:\/\/stylemotions.com\/wp-content\/uploads\/2022\/10\/Comics-Cartoons_Fuchs.jpg 400w, https:\/\/stylemotions.com\/wp-content\/uploads\/2022\/10\/Comics-Cartoons_Fuchs-300x300.jpg 300w, https:\/\/stylemotions.com\/wp-content\/uploads\/2022\/10\/Comics-Cartoons_Fuchs-150x150.jpg 150w\" sizes=\"(max-width: 400px) 100vw, 400px\" \/><\/figure>\n<\/div>\n<\/div>\n","protected":false},"excerpt":{"rendered":"<p>Creamos c\u00f3mics\/dibujos animados personalizados para sus campa\u00f1as publicitariasFiguras de c\u00f3mic \/ dibujos animados creadas directamente en formato digital en el ordenador. Qu\u00e9 le podemos ofrecer en materia de c\u00f3mics: Varias plantillas de impresi\u00f3n (folletos, tarjetas postales, carteles, etc.) Mascotas, dise\u00f1o de logotipos Animaciones para medios digitales, etc. Campa\u00f1as publicitarias \u2013 Cortos publicitarios (YouTube, tele, etc.)&hellip;<\/p>\n","protected":false},"author":1,"featured_media":1081,"parent":465,"menu_order":0,"comment_status":"closed","ping_status":"closed","template":"","meta":{"footnotes":""},"class_list":["post-585","page","type-page","status-publish","has-post-thumbnail","hentry"],"yoast_head":"<!-- This site is optimized with the Yoast SEO plugin v27.3 - https:\/\/yoast.com\/product\/yoast-seo-wordpress\/ -->\n<title>C\u00f3mics \/ Dibujos animados<\/title>\n<meta name=\"robots\" content=\"index, follow, max-snippet:-1, max-image-preview:large, max-video-preview:-1\" \/>\n<link rel=\"canonical\" href=\"https:\/\/stylemotions.com\/es\/leistungen\/comics-cartoons\/\" \/>\n<meta property=\"og:locale\" content=\"es_ES\" \/>\n<meta property=\"og:locale:alternate\" content=\"de_DE\" \/>\n<meta property=\"og:locale:alternate\" content=\"en_UK\" \/>\n<meta property=\"og:type\" content=\"article\" \/>\n<meta property=\"og:title\" content=\"C\u00f3mics \/ Dibujos animados\" \/>\n<meta property=\"og:description\" content=\"Creamos c\u00f3mics\/dibujos animados personalizados para sus campa\u00f1as publicitariasFiguras de c\u00f3mic \/ dibujos animados creadas directamente en formato digital en el ordenador. Qu\u00e9 le podemos ofrecer en materia de c\u00f3mics: Varias plantillas de impresi\u00f3n (folletos, tarjetas postales, carteles, etc.) Mascotas, dise\u00f1o de logotipos Animaciones para medios digitales, etc. Campa\u00f1as publicitarias \u2013 Cortos publicitarios (YouTube, tele, etc.)&hellip;\" \/>\n<meta property=\"og:url\" content=\"https:\/\/stylemotions.com\/es\/leistungen\/comics-cartoons\/\" \/>\n<meta property=\"og:site_name\" content=\"stylemotions | mediadesign\" \/>\n<meta property=\"article:modified_time\" content=\"2022-10-09T18:52:03+00:00\" \/>\n<meta property=\"og:image\" content=\"https:\/\/stylemotions.com\/wp-content\/uploads\/2022\/10\/Comics-Cartoons_1400x650px.jpg\" \/>\n\t<meta property=\"og:image:width\" content=\"1400\" \/>\n\t<meta property=\"og:image:height\" content=\"650\" \/>\n\t<meta property=\"og:image:type\" content=\"image\/jpeg\" \/>\n<meta name=\"twitter:card\" content=\"summary_large_image\" \/>\n<meta name=\"twitter:label1\" content=\"Tiempo de lectura\" \/>\n\t<meta name=\"twitter:data1\" content=\"1 minuto\" \/>\n<script type=\"application\/ld+json\" class=\"yoast-schema-graph\">{\"@context\":\"https:\\\/\\\/schema.org\",\"@graph\":[{\"@type\":\"WebPage\",\"@id\":\"https:\\\/\\\/stylemotions.com\\\/leistungen\\\/comics-cartoons\\\/\",\"url\":\"https:\\\/\\\/stylemotions.com\\\/leistungen\\\/comics-cartoons\\\/\",\"name\":\"C\u00f3mics \\\/ Dibujos animados\",\"isPartOf\":{\"@id\":\"https:\\\/\\\/stylemotions.com\\\/#website\"},\"primaryImageOfPage\":{\"@id\":\"https:\\\/\\\/stylemotions.com\\\/leistungen\\\/comics-cartoons\\\/#primaryimage\"},\"image\":{\"@id\":\"https:\\\/\\\/stylemotions.com\\\/leistungen\\\/comics-cartoons\\\/#primaryimage\"},\"thumbnailUrl\":\"https:\\\/\\\/stylemotions.com\\\/wp-content\\\/uploads\\\/2022\\\/10\\\/Comics-Cartoons_1400x650px.jpg\",\"datePublished\":\"2022-10-03T08:26:38+00:00\",\"dateModified\":\"2022-10-09T18:52:03+00:00\",\"breadcrumb\":{\"@id\":\"https:\\\/\\\/stylemotions.com\\\/leistungen\\\/comics-cartoons\\\/#breadcrumb\"},\"inLanguage\":\"es-ES\",\"potentialAction\":[{\"@type\":\"ReadAction\",\"target\":[\"https:\\\/\\\/stylemotions.com\\\/leistungen\\\/comics-cartoons\\\/\"]}]},{\"@type\":\"ImageObject\",\"inLanguage\":\"es-ES\",\"@id\":\"https:\\\/\\\/stylemotions.com\\\/leistungen\\\/comics-cartoons\\\/#primaryimage\",\"url\":\"https:\\\/\\\/stylemotions.com\\\/wp-content\\\/uploads\\\/2022\\\/10\\\/Comics-Cartoons_1400x650px.jpg\",\"contentUrl\":\"https:\\\/\\\/stylemotions.com\\\/wp-content\\\/uploads\\\/2022\\\/10\\\/Comics-Cartoons_1400x650px.jpg\",\"width\":1400,\"height\":650,\"caption\":\"Comics & Cartoons\"},{\"@type\":\"BreadcrumbList\",\"@id\":\"https:\\\/\\\/stylemotions.com\\\/leistungen\\\/comics-cartoons\\\/#breadcrumb\",\"itemListElement\":[{\"@type\":\"ListItem\",\"position\":1,\"name\":\"Start\",\"item\":\"https:\\\/\\\/stylemotions.com\\\/\"},{\"@type\":\"ListItem\",\"position\":2,\"name\":\"Leistungen\",\"item\":\"https:\\\/\\\/stylemotions.com\\\/leistungen\\\/\"},{\"@type\":\"ListItem\",\"position\":3,\"name\":\"Comics \\\/ Cartoons\"}]},{\"@type\":\"WebSite\",\"@id\":\"https:\\\/\\\/stylemotions.com\\\/#website\",\"url\":\"https:\\\/\\\/stylemotions.com\\\/\",\"name\":\"stylemotions | mediadesign\",\"description\":\"Digital- &amp; Printmedien\",\"publisher\":{\"@id\":\"https:\\\/\\\/stylemotions.com\\\/#organization\"},\"potentialAction\":[{\"@type\":\"SearchAction\",\"target\":{\"@type\":\"EntryPoint\",\"urlTemplate\":\"https:\\\/\\\/stylemotions.com\\\/?s={search_term_string}\"},\"query-input\":{\"@type\":\"PropertyValueSpecification\",\"valueRequired\":true,\"valueName\":\"search_term_string\"}}],\"inLanguage\":\"es-ES\"},{\"@type\":\"Organization\",\"@id\":\"https:\\\/\\\/stylemotions.com\\\/#organization\",\"name\":\"stylemotions | mediadesign\",\"url\":\"https:\\\/\\\/stylemotions.com\\\/\",\"logo\":{\"@type\":\"ImageObject\",\"inLanguage\":\"es-ES\",\"@id\":\"https:\\\/\\\/stylemotions.com\\\/#\\\/schema\\\/logo\\\/image\\\/\",\"url\":\"https:\\\/\\\/stylemotions.com\\\/wp-content\\\/uploads\\\/2022\\\/08\\\/stylemotions_favicon.png\",\"contentUrl\":\"https:\\\/\\\/stylemotions.com\\\/wp-content\\\/uploads\\\/2022\\\/08\\\/stylemotions_favicon.png\",\"width\":250,\"height\":250,\"caption\":\"stylemotions | mediadesign\"},\"image\":{\"@id\":\"https:\\\/\\\/stylemotions.com\\\/#\\\/schema\\\/logo\\\/image\\\/\"}}]}<\/script>\n<!-- \/ Yoast SEO plugin. -->","yoast_head_json":{"title":"C\u00f3mics \/ Dibujos animados","robots":{"index":"index","follow":"follow","max-snippet":"max-snippet:-1","max-image-preview":"max-image-preview:large","max-video-preview":"max-video-preview:-1"},"canonical":"https:\/\/stylemotions.com\/es\/leistungen\/comics-cartoons\/","og_locale":"es_ES","og_type":"article","og_title":"[:de]Comics \/ Cartoons[:es]C\u00f3mics \/ Dibujos animados[:en]Comics \/ Cartoons[:] - stylemotions | mediadesign","og_description":"Creamos c\u00f3mics\/dibujos animados personalizados para sus campa\u00f1as publicitariasFiguras de c\u00f3mic \/ dibujos animados creadas directamente en formato digital en el ordenador. Qu\u00e9 le podemos ofrecer en materia de c\u00f3mics: Varias plantillas de impresi\u00f3n (folletos, tarjetas postales, carteles, etc.) Mascotas, dise\u00f1o de logotipos Animaciones para medios digitales, etc. Campa\u00f1as publicitarias \u2013 Cortos publicitarios (YouTube, tele, etc.)&hellip;","og_url":"https:\/\/stylemotions.com\/es\/leistungen\/comics-cartoons\/","og_site_name":"stylemotions | mediadesign","article_modified_time":"2022-10-09T18:52:03+00:00","og_image":[{"width":1400,"height":650,"url":"https:\/\/stylemotions.com\/wp-content\/uploads\/2022\/10\/Comics-Cartoons_1400x650px.jpg","type":"image\/jpeg"}],"twitter_card":"summary_large_image","twitter_misc":{"Tiempo de lectura":"1 minuto"},"schema":{"@context":"https:\/\/schema.org","@graph":[{"@type":"WebPage","@id":"https:\/\/stylemotions.com\/leistungen\/comics-cartoons\/","url":"https:\/\/stylemotions.com\/leistungen\/comics-cartoons\/","name":"C\u00f3mics \/ Dibujos animados","isPartOf":{"@id":"https:\/\/stylemotions.com\/#website"},"primaryImageOfPage":{"@id":"https:\/\/stylemotions.com\/leistungen\/comics-cartoons\/#primaryimage"},"image":{"@id":"https:\/\/stylemotions.com\/leistungen\/comics-cartoons\/#primaryimage"},"thumbnailUrl":"https:\/\/stylemotions.com\/wp-content\/uploads\/2022\/10\/Comics-Cartoons_1400x650px.jpg","datePublished":"2022-10-03T08:26:38+00:00","dateModified":"2022-10-09T18:52:03+00:00","breadcrumb":{"@id":"https:\/\/stylemotions.com\/leistungen\/comics-cartoons\/#breadcrumb"},"inLanguage":"es-ES","potentialAction":[{"@type":"ReadAction","target":["https:\/\/stylemotions.com\/leistungen\/comics-cartoons\/"]}]},{"@type":"ImageObject","inLanguage":"es-ES","@id":"https:\/\/stylemotions.com\/leistungen\/comics-cartoons\/#primaryimage","url":"https:\/\/stylemotions.com\/wp-content\/uploads\/2022\/10\/Comics-Cartoons_1400x650px.jpg","contentUrl":"https:\/\/stylemotions.com\/wp-content\/uploads\/2022\/10\/Comics-Cartoons_1400x650px.jpg","width":1400,"height":650,"caption":"Comics & Cartoons"},{"@type":"BreadcrumbList","@id":"https:\/\/stylemotions.com\/leistungen\/comics-cartoons\/#breadcrumb","itemListElement":[{"@type":"ListItem","position":1,"name":"Start","item":"https:\/\/stylemotions.com\/"},{"@type":"ListItem","position":2,"name":"Leistungen","item":"https:\/\/stylemotions.com\/leistungen\/"},{"@type":"ListItem","position":3,"name":"Comics \/ Cartoons"}]},{"@type":"WebSite","@id":"https:\/\/stylemotions.com\/#website","url":"https:\/\/stylemotions.com\/","name":"stylemotions | mediadesign","description":"Digital- &amp; Printmedien","publisher":{"@id":"https:\/\/stylemotions.com\/#organization"},"potentialAction":[{"@type":"SearchAction","target":{"@type":"EntryPoint","urlTemplate":"https:\/\/stylemotions.com\/?s={search_term_string}"},"query-input":{"@type":"PropertyValueSpecification","valueRequired":true,"valueName":"search_term_string"}}],"inLanguage":"es-ES"},{"@type":"Organization","@id":"https:\/\/stylemotions.com\/#organization","name":"stylemotions | mediadesign","url":"https:\/\/stylemotions.com\/","logo":{"@type":"ImageObject","inLanguage":"es-ES","@id":"https:\/\/stylemotions.com\/#\/schema\/logo\/image\/","url":"https:\/\/stylemotions.com\/wp-content\/uploads\/2022\/08\/stylemotions_favicon.png","contentUrl":"https:\/\/stylemotions.com\/wp-content\/uploads\/2022\/08\/stylemotions_favicon.png","width":250,"height":250,"caption":"stylemotions | mediadesign"},"image":{"@id":"https:\/\/stylemotions.com\/#\/schema\/logo\/image\/"}}]}},"_links":{"self":[{"href":"https:\/\/stylemotions.com\/es\/wp-json\/wp\/v2\/pages\/585","targetHints":{"allow":["GET"]}}],"collection":[{"href":"https:\/\/stylemotions.com\/es\/wp-json\/wp\/v2\/pages"}],"about":[{"href":"https:\/\/stylemotions.com\/es\/wp-json\/wp\/v2\/types\/page"}],"author":[{"embeddable":true,"href":"https:\/\/stylemotions.com\/es\/wp-json\/wp\/v2\/users\/1"}],"replies":[{"embeddable":true,"href":"https:\/\/stylemotions.com\/es\/wp-json\/wp\/v2\/comments?post=585"}],"version-history":[{"count":14,"href":"https:\/\/stylemotions.com\/es\/wp-json\/wp\/v2\/pages\/585\/revisions"}],"predecessor-version":[{"id":1498,"href":"https:\/\/stylemotions.com\/es\/wp-json\/wp\/v2\/pages\/585\/revisions\/1498"}],"up":[{"embeddable":true,"href":"https:\/\/stylemotions.com\/es\/wp-json\/wp\/v2\/pages\/465"}],"wp:featuredmedia":[{"embeddable":true,"href":"https:\/\/stylemotions.com\/es\/wp-json\/wp\/v2\/media\/1081"}],"wp:attachment":[{"href":"https:\/\/stylemotions.com\/es\/wp-json\/wp\/v2\/media?parent=585"}],"curies":[{"name":"wp","href":"https:\/\/api.w.org\/{rel}","templated":true}]}}